{"id":8221,"date":"2024-04-30T04:49:37","date_gmt":"2024-04-30T04:49:37","guid":{"rendered":"https:\/\/verypaych.wpenginepowered.com\/meet-our-team-copy\/"},"modified":"2025-12-09T07:03:19","modified_gmt":"2025-12-09T07:03:19","slug":"board-of-directors","status":"publish","type":"page","link":"https:\/\/verypay.africa\/fr\/board-of-directors\/","title":{"rendered":"Conseil d&#039;administration"},"content":{"rendered":"<div id=\"fws_69d7761c029c6\"  data-column-margin=\"default\" data-midnight=\"dark\"  class=\"wpb_row vc_row-fluid vc_row full-width-content vc_row-o-equal-height vc_row-flex vc_row-o-content-middle verypay-team-section\"  style=\"padding-top: 0px; padding-bottom: 0px; \"><div class=\"row-bg-wrap\" data-bg-animation=\"none\" data-bg-animation-delay=\"\" data-bg-overlay=\"false\"><div class=\"inner-wrap row-bg-layer\" ><div class=\"row-bg viewport-desktop\"  style=\"\"><\/div><\/div><\/div><div class=\"row_col_wrap_12 col span_12 dark left\">\n\t<div style=\" color: #FFFFFF;\" class=\"vc_col-sm-8 vc_col-xs-11 wpb_column column_container vc_column_container col br_br_47px left_padding_desktop_6pct left_padding_tablet_5pct left_padding_phone_2pct top_padding_desktop_88px top_padding_tablet_60px top_padding_phone_30px right_padding_desktop_8pct right_padding_tablet_5pct right_padding_phone_2pct bottom_padding_desktop_60px bottom_padding_tablet_60px bottom_padding_phone_30px\" data-cfc=\"true\" data-using-bg=\"true\" data-bg-cover=\"true\" data-padding-pos=\"all\" data-has-bg-color=\"false\" data-bg-color=\"\" data-bg-opacity=\"1\" data-animation=\"\" data-delay=\"0\" >\n\t\t<div class=\"vc_column-inner\" ><div class=\"column-image-bg-wrap column-bg-layer viewport-desktop\" data-bg-pos=\"center center\" data-bg-animation=\"none\" data-bg-overlay=\"false\"><div class=\"inner-wrap\"><div class=\"column-image-bg\" style=\" background-image: url('https:\/\/verypay.africa\/wp-content\/uploads\/2025\/11\/Frame-1618869380.png'); \"><\/div><\/div><\/div>\n\t\t\t<div class=\"wpb_wrapper\">\n\t\t\t\t<div class=\"iwithtext\"><div class=\"iwt-icon\"> <img decoding=\"async\" src=\"https:\/\/verypay.africa\/wp-content\/uploads\/2025\/11\/VeryPlay_Color-Symbol-White-Text-1.png\" alt=\"\" \/> <\/div><div class=\"iwt-text\"> \n<h1><span style=\"font-weight: 100\">Rencontrez le<\/span><br \/>\nConseil d&#039;administration<br \/>\nR\u00e9alisateurs<\/h1>\n <\/div><div class=\"clear\"><\/div><\/div>\n\t\t\t<\/div> \n\t\t<\/div>\n\t<\/div> \n\n\t<div  class=\"vc_col-sm-2 vc_col-xs-12 wpb_column column_container vc_column_container col left_padding_desktop_35px left_padding_tablet_25px left_padding_phone_16px top_padding_desktop_60px top_padding_tablet_40px top_padding_phone_30px right_padding_desktop_35px right_padding_tablet_25px right_padding_phone_16px bottom_padding_desktop_60px bottom_padding_tablet_40px bottom_padding_phone_30px\"  data-padding-pos=\"all\" data-has-bg-color=\"false\" data-bg-color=\"\" data-bg-opacity=\"1\" data-animation=\"\" data-delay=\"0\" >\n\t\t<div class=\"vc_column-inner\" >\n\t\t\t<div class=\"wpb_wrapper\">\n\t\t\t\t\n<div class=\"wpb_text_column wpb_content_element\" >\n\t<div class=\"wpb_wrapper\">\n\t\t<h4><span style=\"color: #ff0000;\">Vision directrice, leadership \u00e9prouv\u00e9<\/span> \u2013 Notre conseil d\u2019administration s\u2019engage \u00e0 stimuler la croissance, l\u2019innovation et l\u2019excellence strat\u00e9gique chez VeryPay.<\/h4>\n\t<\/div>\n<\/div>\n\n\n\n\n\t\t\t<\/div> \n\t\t<\/div>\n\t<\/div> \n\n\t<div style=\"\" class=\"vc_col-sm-2 vc_hidden-sm vc_hidden-xs wpb_column column_container vc_column_container col no-extra-padding inherit_tablet inherit_phone bl_br_47px\" data-using-bg=\"true\" data-bg-cover=\"true\" data-padding-pos=\"all\" data-has-bg-color=\"false\" data-bg-color=\"\" data-bg-opacity=\"1\" data-animation=\"\" data-delay=\"0\" >\n\t\t<div class=\"vc_column-inner\" ><div class=\"column-image-bg-wrap column-bg-layer viewport-desktop\" data-bg-pos=\"center center\" data-bg-animation=\"none\" data-bg-overlay=\"false\"><div class=\"inner-wrap\"><div class=\"column-image-bg\" style=\" background-image: url('https:\/\/verypay.africa\/wp-content\/uploads\/2025\/11\/Frame-1618869381.png'); \"><\/div><\/div><\/div>\n\t\t\t<div class=\"wpb_wrapper\">\n\t\t\t\t\n\t\t\t<\/div> \n\t\t<\/div>\n\t<\/div> \n<\/div><\/div>\n\t\t<div id=\"fws_69d7761c0422c\"  data-column-margin=\"default\" data-midnight=\"dark\"  class=\"wpb_row vc_row-fluid vc_row full-width-section btn-page-header top_margin_187px right_padding_8pct left_padding_8pct right_padding_phone_0px left_padding_phone_0px top_margin_tablet_140px top_margin_phone_100px\"  style=\"padding-top: 0px; padding-bottom: 100px; \"><div class=\"row-bg-wrap\" data-bg-animation=\"none\" data-bg-animation-delay=\"\" data-bg-overlay=\"false\"><div class=\"inner-wrap row-bg-layer using-image\" ><div class=\"row-bg viewport-desktop using-image\"  style=\"background-position: center center; background-repeat: no-repeat; \" data-nectar-img-src=\"https:\/\/verypay.africa\/wp-content\/uploads\/2025\/12\/bg-1618869386png.png\"><\/div><\/div><\/div><div class=\"row_col_wrap_12 col span_12 dark left\">\n\t<div style=\"margin-top: -85px; \" class=\"vc_col-sm-12 wpb_column column_container vc_column_container col neg-marg no-extra-padding inherit_tablet inherit_phone\"  data-padding-pos=\"all\" data-has-bg-color=\"false\" data-bg-color=\"\" data-bg-opacity=\"1\" data-animation=\"\" data-delay=\"0\" >\n\t\t<div class=\"vc_column-inner\" >\n\t\t\t<div class=\"wpb_wrapper\">\n\t\t\t\t<div id=\"fws_69d7761c0445c\" data-midnight=\"\" data-column-margin=\"20px\" class=\"wpb_row vc_row-fluid vc_row inner_row team-member-wrapper\"  style=\"\"><div class=\"row-bg-wrap\"> <div class=\"row-bg\" ><\/div> <\/div><div class=\"row_col_wrap_12_inner col span_12  left\">\n\t<div  class=\"vc_col-sm-4 vc_hidden-sm vc_hidden-xs wpb_column column_container vc_column_container col child_column no-extra-padding force-desktop-text-align-left inherit_tablet inherit_phone\"   data-padding-pos=\"all\" data-has-bg-color=\"false\" data-bg-color=\"\" data-bg-opacity=\"1\" data-animation=\"\" data-delay=\"0\" >\n\t\t<div class=\"vc_column-inner\" >\n\t\t<div class=\"wpb_wrapper\">\n\t\t\t<div class=\"nectar-fancy-box using-img  has-animation hover_o_opacity_0-4 o_opacity_0-1\" style=\"min-height: 300px\" data-style=\"hover_desc\" data-border-radius=\"10px\" data-animation=\"flip-in-vertical\" data-bg-animation=\"long_zoom\" data-border=\"\" data-delay=\"0\" data-alignment=\"left\" data-color=\"accent-color\" ><div class=\"box-bg\" role=\"presentation\"  data-nectar-img-src=\"https:\/\/verypay.africa\/wp-content\/uploads\/2021\/11\/MK_thumb-500x500.jpg\"><\/div><div class=\"inner\"><div class=\"heading-wrap\"><\/div><div class=\"hover-content\"><\/p>\n<h4 style=\"text-align: left\">Mikha\u00efl Krasnov<\/h4>\n<h6 style=\"font-weight: 300;text-align: left\">Directeur ex\u00e9cutif - Cofondateur du groupe Verysell<\/h6>\n<p><\/div><\/div>  <a  href=\"\/fr\/board-of-directors\/mikhail-krasnov\/\" class=\"box-link\"><\/a> <\/div>\n\t\t<\/div> \n\t<\/div>\n\t<\/div> \n\n\t<div  class=\"vc_col-sm-4 vc_hidden-sm vc_hidden-xs wpb_column column_container vc_column_container col child_column no-extra-padding inherit_tablet inherit_phone\"   data-padding-pos=\"all\" data-has-bg-color=\"false\" data-bg-color=\"\" data-bg-opacity=\"1\" data-animation=\"\" data-delay=\"0\" >\n\t\t<div class=\"vc_column-inner\" >\n\t\t<div class=\"wpb_wrapper\">\n\t\t\t<div class=\"nectar-fancy-box using-img  has-animation hover_o_opacity_0-4 o_opacity_0-1\" style=\"min-height: 300px\" data-style=\"hover_desc\" data-border-radius=\"10px\" data-animation=\"flip-in-vertical\" data-bg-animation=\"long_zoom\" data-border=\"\" data-delay=\"200\" data-alignment=\"left\" data-color=\"accent-color\" ><div class=\"box-bg\" role=\"presentation\"  data-nectar-img-src=\"https:\/\/verypay.africa\/wp-content\/uploads\/2024\/05\/Philippe-Vogeleer-800-500x500.png\"><\/div><div class=\"inner\"><div class=\"heading-wrap\"><\/div><div class=\"hover-content\"><\/p>\n<h4 style=\"text-align: left\">Philippe Vogeleer<\/h4>\n<h6 style=\"font-weight: 300;text-align: left\">Pr\u00e9sident du conseil d&#039;administration, NED<\/h6>\n<p><\/div><\/div>  <a  href=\"\/fr\/board-of-directors\/philippe-vogeleer\/\" class=\"box-link\"><\/a> <\/div>\n\t\t<\/div> \n\t<\/div>\n\t<\/div> \n\n\t<div  class=\"vc_col-sm-4 vc_hidden-sm vc_hidden-xs wpb_column column_container vc_column_container col child_column no-extra-padding inherit_tablet inherit_phone\"   data-padding-pos=\"all\" data-has-bg-color=\"false\" data-bg-color=\"\" data-bg-opacity=\"1\" data-animation=\"\" data-delay=\"0\" >\n\t\t<div class=\"vc_column-inner\" >\n\t\t<div class=\"wpb_wrapper\">\n\t\t\t<div class=\"nectar-fancy-box using-img  has-animation hover_o_opacity_0-4 o_opacity_0-1\" style=\"min-height: 300px\" data-style=\"hover_desc\" data-border-radius=\"10px\" data-animation=\"flip-in-vertical\" data-bg-animation=\"long_zoom\" data-border=\"\" data-delay=\"400\" data-alignment=\"left\" data-color=\"accent-color\" ><div class=\"box-bg\" role=\"presentation\"  data-nectar-img-src=\"https:\/\/verypay.africa\/wp-content\/uploads\/2024\/05\/petr-krasnov-500.png\"><\/div><div class=\"inner\"><div class=\"heading-wrap\"><\/div><div class=\"hover-content\"><\/p>\n<h4 style=\"text-align: left\">Petr Krasnov<\/h4>\n<h6 style=\"font-weight: 300;text-align: left\">Directeur Ex\u00e9cutif, Co-Fondateur du Groupe Verysell<\/h6>\n<p><\/div><\/div>  <a  href=\"\/fr\/board-of-directors\/petr-krasnov\/\" class=\"box-link\"><\/a> <\/div>\n\t\t<\/div> \n\t<\/div>\n\t<\/div> \n<\/div><\/div><div id=\"fws_69d7761c05f04\" data-midnight=\"\" data-column-margin=\"20px\" class=\"wpb_row vc_row-fluid vc_row inner_row\"  style=\"\"><div class=\"row-bg-wrap\"> <div class=\"row-bg\" ><\/div> <\/div><div class=\"row_col_wrap_12_inner col span_12  left\">\n\t<div  class=\"vc_col-sm-4 vc_hidden-lg vc_hidden-md wpb_column column_container vc_column_container col child_column no-extra-padding force-desktop-text-align-left inherit_tablet inherit_phone\"   data-padding-pos=\"all\" data-has-bg-color=\"false\" data-bg-color=\"\" data-bg-opacity=\"1\" data-animation=\"\" data-delay=\"0\" >\n\t\t<div class=\"vc_column-inner\" >\n\t\t<div class=\"wpb_wrapper\">\n\t\t\t<div class=\"nectar-fancy-box nectar-underline using-img  has-animation aspect-1-1\"  data-style=\"image_above_text_underline\" data-border-radius=\"10px\" data-animation=\"fade-in-from-left\" data-delay=\"0\" data-alignment=\"left\"><div class=\"image-wrap\"><div class=\"box-bg\" role=\"presentation\"  data-nectar-img-src=\"https:\/\/verypay.africa\/wp-content\/uploads\/2021\/11\/MK_thumb-500x500.jpg\"><\/div><\/div>\n\t\t<div class=\"text\">\n<h4 style=\"text-align: left\">Mikha\u00efl Krasnov<\/h4>\n<h6 style=\"font-weight: 300;text-align: left\">Directeur ex\u00e9cutif \u2013 Cofondateur du groupe Verysell<\/h6>\n<\/div> <a  href=\"\/fr\/board-of-directors\/mikhail-krasnov\/\" class=\"box-link\"><\/a>\n\t\t<\/div>\n\t\t<\/div> \n\t<\/div>\n\t<\/div> \n\n\t<div  class=\"vc_col-sm-4 vc_hidden-lg vc_hidden-md wpb_column column_container vc_column_container col child_column no-extra-padding inherit_tablet inherit_phone\"   data-padding-pos=\"all\" data-has-bg-color=\"false\" data-bg-color=\"\" data-bg-opacity=\"1\" data-animation=\"\" data-delay=\"0\" >\n\t\t<div class=\"vc_column-inner\" >\n\t\t<div class=\"wpb_wrapper\">\n\t\t\t<div class=\"nectar-fancy-box nectar-underline using-img  has-animation aspect-1-1\"  data-style=\"image_above_text_underline\" data-border-radius=\"10px\" data-animation=\"fade-in-from-left\" data-delay=\"0\" data-alignment=\"left\"><div class=\"image-wrap\"><div class=\"box-bg\" role=\"presentation\"  data-nectar-img-src=\"https:\/\/verypay.africa\/wp-content\/uploads\/2024\/05\/Philippe-Vogeleer-800-500x500.png\"><\/div><\/div>\n\t\t<div class=\"text\">\n<h4 style=\"text-align: left\">Philippe Vogeleer<\/h4>\n<h6 style=\"font-weight: 300;text-align: left\">Pr\u00e9sident du conseil d&#039;administration, NED<\/h6>\n<\/div> <a  href=\"\/fr\/board-of-directors\/philippe-vogeleer\/\" class=\"box-link\"><\/a>\n\t\t<\/div>\n\t\t<\/div> \n\t<\/div>\n\t<\/div> \n\n\t<div  class=\"vc_col-sm-4 vc_hidden-lg vc_hidden-md wpb_column column_container vc_column_container col child_column no-extra-padding inherit_tablet inherit_phone\"   data-padding-pos=\"all\" data-has-bg-color=\"false\" data-bg-color=\"\" data-bg-opacity=\"1\" data-animation=\"\" data-delay=\"0\" >\n\t\t<div class=\"vc_column-inner\" >\n\t\t<div class=\"wpb_wrapper\">\n\t\t\t<div class=\"nectar-fancy-box nectar-underline using-img  has-animation aspect-1-1\"  data-style=\"image_above_text_underline\" data-border-radius=\"10px\" data-animation=\"fade-in-from-left\" data-delay=\"0\" data-alignment=\"left\"><div class=\"image-wrap\"><div class=\"box-bg\" role=\"presentation\"  data-nectar-img-src=\"https:\/\/verypay.africa\/wp-content\/uploads\/2024\/05\/petr-krasnov-500.png\"><\/div><\/div>\n\t\t<div class=\"text\">\n<h4 style=\"text-align: left\">Petr Krasnov<\/h4>\n<h6 style=\"font-weight: 300;text-align: left\">Directeur Ex\u00e9cutif, Co-Fondateur du Groupe Verysell<\/h6>\n<\/div> <a  href=\"\/fr\/meet-our-team\/maria-koshkina\/\" class=\"box-link\"><\/a>\n\t\t<\/div>\n\t\t<\/div> \n\t<\/div>\n\t<\/div> \n<\/div><\/div>\n\t\t\t<\/div> \n\t\t<\/div>\n\t<\/div> \n<\/div><\/div>","protected":false},"excerpt":{"rendered":"Meet the Board of Directors Guiding vision, proven leadership - our board is committed to...","protected":false},"author":10,"featured_media":0,"parent":0,"menu_order":0,"comment_status":"closed","ping_status":"closed","template":"","meta":{"inline_featured_image":false,"footnotes":""},"class_list":["post-8221","page","type-page","status-publish"],"acf":[],"yoast_head":"<!-- This site is optimized with the Yoast SEO plugin v27.3 - https:\/\/yoast.com\/product\/yoast-seo-wordpress\/ -->\n<title>VeryPay Mobile Payment Solutions - Meet Our Team<\/title>\n<meta name=\"description\" content=\"Meet our team who have decades of experience helping customers with payment solutions.\" \/>\n<meta name=\"robots\" content=\"index, follow, max-snippet:-1, max-image-preview:large, max-video-preview:-1\" \/>\n<link rel=\"canonical\" href=\"https:\/\/verypay.africa\/fr\/board-of-directors\/\" \/>\n<meta property=\"og:locale\" content=\"fr_FR\" \/>\n<meta property=\"og:type\" content=\"article\" \/>\n<meta property=\"og:title\" content=\"VeryPay Mobile Payment Solutions - Meet Our Team\" \/>\n<meta property=\"og:description\" content=\"Meet our team who have decades of experience helping customers with payment solutions.\" \/>\n<meta property=\"og:url\" content=\"https:\/\/verypay.africa\/fr\/board-of-directors\/\" \/>\n<meta property=\"og:site_name\" content=\"verypay.africa\" \/>\n<meta property=\"article:modified_time\" content=\"2025-12-09T07:03:19+00:00\" \/>\n<meta name=\"twitter:card\" content=\"summary_large_image\" \/>\n<meta name=\"twitter:label1\" content=\"Dur\u00e9e de lecture estim\u00e9e\" \/>\n\t<meta name=\"twitter:data1\" content=\"2 minutes\" \/>\n<script type=\"application\/ld+json\" class=\"yoast-schema-graph\">{\"@context\":\"https:\\\/\\\/schema.org\",\"@graph\":[{\"@type\":\"WebPage\",\"@id\":\"https:\\\/\\\/verypay.africa\\\/board-of-directors\\\/\",\"url\":\"https:\\\/\\\/verypay.africa\\\/board-of-directors\\\/\",\"name\":\"VeryPay Mobile Payment Solutions - Meet Our Team\",\"isPartOf\":{\"@id\":\"https:\\\/\\\/verypay.africa\\\/#website\"},\"datePublished\":\"2024-04-30T04:49:37+00:00\",\"dateModified\":\"2025-12-09T07:03:19+00:00\",\"description\":\"Meet our team who have decades of experience helping customers with payment solutions.\",\"breadcrumb\":{\"@id\":\"https:\\\/\\\/verypay.africa\\\/board-of-directors\\\/#breadcrumb\"},\"inLanguage\":\"fr-FR\",\"potentialAction\":[{\"@type\":\"ReadAction\",\"target\":[\"https:\\\/\\\/verypay.africa\\\/board-of-directors\\\/\"]}]},{\"@type\":\"BreadcrumbList\",\"@id\":\"https:\\\/\\\/verypay.africa\\\/board-of-directors\\\/#breadcrumb\",\"itemListElement\":[{\"@type\":\"ListItem\",\"position\":1,\"name\":\"Home\",\"item\":\"https:\\\/\\\/verypay.africa\\\/\"},{\"@type\":\"ListItem\",\"position\":2,\"name\":\"Board of Directors\"}]},{\"@type\":\"WebSite\",\"@id\":\"https:\\\/\\\/verypay.africa\\\/#website\",\"url\":\"https:\\\/\\\/verypay.africa\\\/\",\"name\":\"verypay.africa\",\"description\":\"VeryPay Mobile Money Technology Solutions\",\"publisher\":{\"@id\":\"https:\\\/\\\/verypay.africa\\\/#organization\"},\"potentialAction\":[{\"@type\":\"SearchAction\",\"target\":{\"@type\":\"EntryPoint\",\"urlTemplate\":\"https:\\\/\\\/verypay.africa\\\/?s={search_term_string}\"},\"query-input\":{\"@type\":\"PropertyValueSpecification\",\"valueRequired\":true,\"valueName\":\"search_term_string\"}}],\"inLanguage\":\"fr-FR\"},{\"@type\":\"Organization\",\"@id\":\"https:\\\/\\\/verypay.africa\\\/#organization\",\"name\":\"VeryPay\",\"url\":\"https:\\\/\\\/verypay.africa\\\/\",\"logo\":{\"@type\":\"ImageObject\",\"inLanguage\":\"fr-FR\",\"@id\":\"https:\\\/\\\/verypay.africa\\\/#\\\/schema\\\/logo\\\/image\\\/\",\"url\":\"https:\\\/\\\/verypay.africa\\\/wp-content\\\/uploads\\\/2025\\\/11\\\/verypay-new-2025.svg\",\"contentUrl\":\"https:\\\/\\\/verypay.africa\\\/wp-content\\\/uploads\\\/2025\\\/11\\\/verypay-new-2025.svg\",\"width\":\"1024\",\"height\":\"1024\",\"caption\":\"VeryPay\"},\"image\":{\"@id\":\"https:\\\/\\\/verypay.africa\\\/#\\\/schema\\\/logo\\\/image\\\/\"}}]}<\/script>\n<!-- \/ Yoast SEO plugin. -->","yoast_head_json":{"title":"Solutions de paiement mobile VeryPay\u00a0: d\u00e9couvrez notre \u00e9quipe","description":"Rencontrez notre \u00e9quipe qui a des d\u00e9cennies d&#039;exp\u00e9rience pour aider les clients avec des solutions de paiement.","robots":{"index":"index","follow":"follow","max-snippet":"max-snippet:-1","max-image-preview":"max-image-preview:large","max-video-preview":"max-video-preview:-1"},"canonical":"https:\/\/verypay.africa\/fr\/board-of-directors\/","og_locale":"fr_FR","og_type":"article","og_title":"VeryPay Mobile Payment Solutions - Meet Our Team","og_description":"Meet our team who have decades of experience helping customers with payment solutions.","og_url":"https:\/\/verypay.africa\/fr\/board-of-directors\/","og_site_name":"verypay.africa","article_modified_time":"2025-12-09T07:03:19+00:00","twitter_card":"summary_large_image","twitter_misc":{"Dur\u00e9e de lecture estim\u00e9e":"2 minutes"},"schema":{"@context":"https:\/\/schema.org","@graph":[{"@type":"WebPage","@id":"https:\/\/verypay.africa\/board-of-directors\/","url":"https:\/\/verypay.africa\/board-of-directors\/","name":"Solutions de paiement mobile VeryPay\u00a0: d\u00e9couvrez notre \u00e9quipe","isPartOf":{"@id":"https:\/\/verypay.africa\/#website"},"datePublished":"2024-04-30T04:49:37+00:00","dateModified":"2025-12-09T07:03:19+00:00","description":"Rencontrez notre \u00e9quipe qui a des d\u00e9cennies d&#039;exp\u00e9rience pour aider les clients avec des solutions de paiement.","breadcrumb":{"@id":"https:\/\/verypay.africa\/board-of-directors\/#breadcrumb"},"inLanguage":"fr-FR","potentialAction":[{"@type":"ReadAction","target":["https:\/\/verypay.africa\/board-of-directors\/"]}]},{"@type":"BreadcrumbList","@id":"https:\/\/verypay.africa\/board-of-directors\/#breadcrumb","itemListElement":[{"@type":"ListItem","position":1,"name":"Home","item":"https:\/\/verypay.africa\/"},{"@type":"ListItem","position":2,"name":"Board of Directors"}]},{"@type":"WebSite","@id":"https:\/\/verypay.africa\/#website","url":"https:\/\/verypay.africa\/","name":"verypay.africa","description":"VeryPay Mobile Money Technology Solutions","publisher":{"@id":"https:\/\/verypay.africa\/#organization"},"potentialAction":[{"@type":"SearchAction","target":{"@type":"EntryPoint","urlTemplate":"https:\/\/verypay.africa\/?s={search_term_string}"},"query-input":{"@type":"PropertyValueSpecification","valueRequired":true,"valueName":"search_term_string"}}],"inLanguage":"fr-FR"},{"@type":"Organization","@id":"https:\/\/verypay.africa\/#organization","name":"Tr\u00e8s Payer","url":"https:\/\/verypay.africa\/","logo":{"@type":"ImageObject","inLanguage":"fr-FR","@id":"https:\/\/verypay.africa\/#\/schema\/logo\/image\/","url":"https:\/\/verypay.africa\/wp-content\/uploads\/2025\/11\/verypay-new-2025.svg","contentUrl":"https:\/\/verypay.africa\/wp-content\/uploads\/2025\/11\/verypay-new-2025.svg","width":"1024","height":"1024","caption":"VeryPay"},"image":{"@id":"https:\/\/verypay.africa\/#\/schema\/logo\/image\/"}}]}},"_links":{"self":[{"href":"https:\/\/verypay.africa\/fr\/wp-json\/wp\/v2\/pages\/8221","targetHints":{"allow":["GET"]}}],"collection":[{"href":"https:\/\/verypay.africa\/fr\/wp-json\/wp\/v2\/pages"}],"about":[{"href":"https:\/\/verypay.africa\/fr\/wp-json\/wp\/v2\/types\/page"}],"author":[{"embeddable":true,"href":"https:\/\/verypay.africa\/fr\/wp-json\/wp\/v2\/users\/10"}],"replies":[{"embeddable":true,"href":"https:\/\/verypay.africa\/fr\/wp-json\/wp\/v2\/comments?post=8221"}],"version-history":[{"count":0,"href":"https:\/\/verypay.africa\/fr\/wp-json\/wp\/v2\/pages\/8221\/revisions"}],"wp:attachment":[{"href":"https:\/\/verypay.africa\/fr\/wp-json\/wp\/v2\/media?parent=8221"}],"curies":[{"name":"wp","href":"https:\/\/api.w.org\/{rel}","templated":true}]}}