{"id":8524,"date":"2024-08-08T07:50:00","date_gmt":"2024-08-08T07:50:00","guid":{"rendered":"https:\/\/verypaych.wpenginepowered.com\/verypay-for-agribusiness-copy\/"},"modified":"2024-08-09T02:56:24","modified_gmt":"2024-08-09T02:56:24","slug":"education","status":"publish","type":"page","link":"https:\/\/verypay.africa\/fr\/education\/","title":{"rendered":"\u00c9ducation"},"content":{"rendered":"<div id=\"fws_69d8f9b67f703\"  data-column-margin=\"default\" data-midnight=\"light\" data-top-percent=\"4%\" data-bottom-percent=\"4%\"  class=\"wpb_row vc_row-fluid vc_row full-width-section vc_row-o-full-height vc_row-o-columns-middle vc_row-o-equal-height vc_row-flex parallax_section\"  style=\"padding-top: calc(100vw * 0.04); padding-bottom: calc(100vw * 0.04); \"><div class=\"row-bg-wrap\" data-bg-animation=\"none\" data-bg-animation-delay=\"\" data-bg-overlay=\"true\"><div class=\"inner-wrap row-bg-layer using-image\" ><div class=\"row-bg viewport-desktop using-image using-bg-color\" data-parallax-speed=\"fast\" style=\"background-image: url(https:\/\/verypay.africa\/wp-content\/uploads\/2024\/08\/Education-Use-Tab.png); background-position: center center; background-repeat: no-repeat; background-color: #232323; \"><\/div><\/div><div class=\"row-bg-overlay row-bg-layer\" style=\"background-color:rgba(0,0,0,0.5);  opacity: 0.8; \"><\/div><\/div><div class=\"row_col_wrap_12 col span_12 light left\">\n\t<div  class=\"vc_col-sm-12 wpb_column column_container vc_column_container col no-extra-padding inherit_tablet inherit_phone\"  data-padding-pos=\"all\" data-has-bg-color=\"false\" data-bg-color=\"\" data-bg-opacity=\"1\" data-animation=\"\" data-delay=\"0\" >\n\t\t<div class=\"vc_column-inner\" >\n\t\t\t<div class=\"wpb_wrapper\">\n\t\t\t\t<h1 style=\"font-size: 80px;line-height: 98px;text-align: left;font-family:PT Sans;font-weight:700;font-style:normal\" class=\"vc_custom_heading vc_do_custom_heading title-page wpb_animate_when_almost_visible wpb_bottom-to-top bottom-to-top\" >Comment tr\u00e8s payer<br \/>\nImpacts sur le syst\u00e8me \u00e9ducatif<\/h1>\n\t\t\t<\/div> \n\t\t<\/div>\n\t<\/div> \n<\/div><\/div>\n\t\t<div id=\"fws_69d8f9b67fbcf\"  data-column-margin=\"default\" data-midnight=\"dark\"  class=\"wpb_row vc_row-fluid vc_row full-width-section vc_row-o-equal-height vc_row-flex vc_row-o-content-middle  right_padding_24px left_padding_24px top_padding_phone_80px bottom_padding_phone_80px right_padding_phone_12px left_padding_phone_12px\"  style=\"padding-top: 120px; padding-bottom: 120px; \"><div class=\"row-bg-wrap\" data-bg-animation=\"none\" data-bg-animation-delay=\"\" data-bg-overlay=\"false\"><div class=\"inner-wrap row-bg-layer\" ><div class=\"row-bg viewport-desktop using-bg-color\"  style=\"background-color: #000000; \"><\/div><\/div><\/div><div class=\"row_col_wrap_12 col span_12 dark center\">\n\t<div  class=\"vc_col-sm-12 wpb_column column_container vc_column_container col no-extra-padding inherit_tablet inherit_phone\"  data-padding-pos=\"all\" data-has-bg-color=\"false\" data-bg-color=\"\" data-bg-opacity=\"1\" data-animation=\"\" data-delay=\"0\" >\n\t\t<div class=\"vc_column-inner\" >\n\t\t\t<div class=\"wpb_wrapper\">\n\t\t\t\t<p style=\"font-size: 25px;color: #ffffff;line-height: 33px;text-align: center\" class=\"vc_custom_heading vc_do_custom_heading wpb_animate_when_almost_visible wpb_fadeInUp fadeInUp\" >Dans de nombreuses r\u00e9gions d\u2019Afrique, les parents et les \u00e9tudiants doivent payer leurs frais de scolarit\u00e9 en esp\u00e8ces. Les obstacles sont consid\u00e9rables : le risque de perdre de l\u2019argent, le manque de services bancaires dans les zones rurales et les difficult\u00e9s li\u00e9es \u00e0 la manipulation d\u2019argent liquide pour les familles et les \u00e9coles. La gestion des paiements li\u00e9s \u00e0 l\u2019\u00e9ducation est donc difficile et peu s\u00fbre.<\/p><p style=\"font-size: 25px;color: #ffffff;line-height: 33px;text-align: center\" class=\"vc_custom_heading vc_do_custom_heading wpb_animate_when_almost_visible wpb_fadeInUp fadeInUp\" >En collaborant avec les op\u00e9rateurs de r\u00e9seaux mobiles (ORM), VeryPay transforme les processus de paiement des \u00e9coles en s&#039;int\u00e9grant aux portefeuilles \u00e9lectroniques existants. Cette fonctionnalit\u00e9 permet aux familles de r\u00e9gler toutes les d\u00e9penses li\u00e9es \u00e0 l&#039;\u00e9cole par voie num\u00e9rique, en utilisant des jetons de paiement VeryPay li\u00e9s \u00e0 leurs comptes d&#039;argent mobile.<\/p><p style=\"font-size: 25px;color: #ffffff;line-height: 33px;text-align: center\" class=\"vc_custom_heading vc_do_custom_heading wpb_animate_when_almost_visible wpb_fadeInUp fadeInUp\" >La plateforme num\u00e9rique s\u00e9curis\u00e9e de VeryPay r\u00e9duit le besoin d&#039;argent liquide, offrant tranquillit\u00e9 d&#039;esprit et commodit\u00e9, et permettant aux \u00e9tudiants de se concentrer sur leurs \u00e9tudes sans la charge suppl\u00e9mentaire de la gestion de l&#039;argent liquide. La solution compl\u00e9mentaire d&#039;argent mobile pour les \u00e9coles VeryPay modernise et rationalise les exp\u00e9riences de paiement dans l&#039;ensemble de l&#039;\u00e9cosyst\u00e8me scolaire.<\/p>\n\t\t\t<\/div> \n\t\t<\/div>\n\t<\/div> \n<\/div><\/div>\n\t\t<div id=\"fws_69d8f9b67fe9b\"  data-column-margin=\"default\" data-midnight=\"dark\"  class=\"wpb_row vc_row-fluid vc_row full-width-content vc_row-o-equal-height vc_row-flex vc_row-o-content-top row-ps\"  style=\"padding-top: 0px; padding-bottom: 0px; \"><div class=\"row-bg-wrap\" data-bg-animation=\"none\" data-bg-animation-delay=\"\" data-bg-overlay=\"false\"><div class=\"inner-wrap row-bg-layer\" ><div class=\"row-bg viewport-desktop using-bg-color\"  style=\"background-color: #ffffff; \"><\/div><\/div><\/div><div class=\"nectar-shape-divider-wrap\" style=\" height:80px;\"  data-height=\"80\" data-front=\"\" data-style=\"straight_section\" data-position=\"top\" ><svg class=\"nectar-shape-divider\" aria-hidden=\"true\" fill=\"#000000\" xmlns=\"http:\/\/www.w3.org\/2000\/svg\" viewbox=\"0 0 100 10\" preserveaspectratio=\"none\"> <polygon points=\"104 10, 104 0, 0 0, 0 10\"><\/polygon> <\/svg><\/div><div class=\"row_col_wrap_12 col span_12 dark center\">\n\t<div style=\"\" class=\"vc_col-sm-12 col-ps-main col-education-wrapped wpb_column column_container vc_column_container col padding-10-percent force-tablet-text-align-left force-phone-text-align-left no-extra-padding_tablet inherit_phone\" data-using-bg=\"true\" data-padding-pos=\"top\" data-has-bg-color=\"false\" data-bg-color=\"\" data-bg-opacity=\"1\" data-animation=\"\" data-delay=\"0\" >\n\t\t<div class=\"vc_column-inner\" ><div class=\"column-image-bg-wrap column-bg-layer viewport-desktop\" data-bg-pos=\"center bottom\" data-bg-animation=\"none\" data-bg-overlay=\"false\"><div class=\"inner-wrap\"><div class=\"column-image-bg\" style=\" background-image: url('https:\/\/verypay.africa\/wp-content\/uploads\/2024\/04\/VP_P.svg'); \"><\/div><\/div><\/div>\n\t\t\t<div class=\"wpb_wrapper\">\n\t\t\t\t<div id=\"fws_69d8f9b6804ec\" data-midnight=\"\" data-column-margin=\"80px\" class=\"wpb_row vc_row-fluid vc_row inner_row vc_row-o-equal-height vc_row-flex inner-row-ps bottom_padding_tablet_0px bottom_padding_phone_0px\"  style=\"padding-bottom: 80px; \"><div class=\"row-bg-wrap\"> <div class=\"row-bg\" ><\/div> <\/div><div class=\"row_col_wrap_12_inner col span_12  left\">\n\t<div  class=\"vc_col-sm-6 col-ps-left wpb_column column_container vc_column_container col child_column no-extra-padding padding-8-percent_tablet padding-5-percent_phone\"   data-padding-pos=\"all\" data-has-bg-color=\"false\" data-bg-color=\"\" data-bg-opacity=\"1\" data-animation=\"\" data-delay=\"0\" >\n\t\t<div class=\"vc_column-inner\" >\n\t\t<div class=\"wpb_wrapper\">\n\t\t\t<h2 style=\"font-size: 52px;color: #dd3333;line-height: 1.2;text-align: right;font-family:PT Sans;font-weight:700;font-style:normal\" class=\"vc_custom_heading vc_do_custom_heading problem-hdr wpb_animate_when_almost_visible wpb_fadeInUp fadeInUp\" >Le probl\u00e8me<\/h2><div class=\"divider-wrap height_tablet_30px\" data-alignment=\"default\"><div style=\"height: 60px;\" class=\"divider\"><\/div><\/div><div class=\"nectar-fancy-ul\" data-list-icon=\"none\" data-animation=\"true\" data-animation-delay=\"0\" data-color=\"accent-color\" data-spacing=\"25px\" data-alignment=\"left\"> \n<ul class=\"problems\">\n<li style=\"text-align: left;\"><span style=\"font-size: 24px;\">Risques de s\u00e9curit\u00e9 : transporter de grosses sommes d&#039;argent liquide \u00e0 l&#039;\u00e9cole peut \u00eatre risqu\u00e9, avec des risques de vol ou de perte, et l&#039;argent des parents peut \u00eatre utilis\u00e9 \u00e0 mauvais escient.<\/span><\/li>\n<li style=\"text-align: left;\"><span style=\"font-size: 24px;\">Probl\u00e8mes d&#039;accessibilit\u00e9 dans les zones g\u00e9ographiquement isol\u00e9es<\/span><\/li>\n<li style=\"text-align: left;\"><span style=\"font-size: 24px;\">Fardeau financier : Devoir r\u00e9unir une somme importante peut mettre \u00e0 rude \u00e9preuve les finances du m\u00e9nage.<\/span><\/li>\n<li style=\"text-align: left;\"><span style=\"font-size: 24px;\">Inefficacit\u00e9s dans la gestion de tr\u00e9sorerie et la tenue des registres<\/span><\/li>\n<li style=\"text-align: left;\"><span style=\"font-size: 24px;\">Transparence limit\u00e9e avec absence de piste d&#039;audit claire<\/span><\/li>\n<\/ul>\n <\/div>\n\t\t<\/div> \n\t<\/div>\n\t<\/div> \n\n\t<div  class=\"vc_col-sm-6 col-ps-right wpb_column column_container vc_column_container col child_column no-extra-padding padding-8-percent_tablet padding-5-percent_phone\"   data-padding-pos=\"all\" data-has-bg-color=\"false\" data-bg-color=\"\" data-bg-opacity=\"1\" data-animation=\"\" data-delay=\"0\" >\n\t\t<div class=\"vc_column-inner\" >\n\t\t<div class=\"wpb_wrapper\">\n\t\t\t<h2 style=\"font-size: 52px;color: #ffffff;line-height: 1.2;text-align: left;font-family:PT Sans;font-weight:700;font-style:normal\" class=\"vc_custom_heading vc_do_custom_heading solution-hdr wpb_animate_when_almost_visible wpb_fadeInUp fadeInUp\" >La solution<\/h2><div class=\"divider-wrap height_tablet_30px\" data-alignment=\"default\"><div style=\"height: 60px;\" class=\"divider\"><\/div><\/div><div class=\"nectar-fancy-ul\" data-list-icon=\"none\" data-animation=\"true\" data-animation-delay=\"0\" data-color=\"accent-color\" data-spacing=\"25px\" data-alignment=\"left\"> \n<ul class=\"solutions\">\n<li style=\"text-align: left;\"><span style=\"font-size: 18pt; color: #ffffff;\">Permet les paiements num\u00e9riques pour les d\u00e9penses scolaires.<\/span><\/li>\n<li style=\"text-align: left;\"><span style=\"font-size: 18pt; color: #ffffff;\">R\u00e9duit le montant d\u2019argent liquide que les \u00e9coles doivent d\u00e9poser dans leurs banques.<\/span><\/li>\n<li style=\"text-align: left;\"><span style=\"font-size: 18pt; color: #ffffff;\">Une comptabilit\u00e9 plus facile gr\u00e2ce aux re\u00e7us num\u00e9riques disponibles pour les \u00e9coles et les parents.<\/span><\/li>\n<li style=\"text-align: left;\"><span style=\"font-size: 18pt; color: #ffffff;\">Fournit une plateforme de paiement s\u00e9curis\u00e9e et pratique.<\/span><\/li>\n<li style=\"text-align: left;\"><span style=\"font-size: 18pt; color: #ffffff;\">Les \u00e9tudiants peuvent d\u00e9velopper des comp\u00e9tences num\u00e9riques et une familiarit\u00e9 avec la technologie de paiement num\u00e9rique, les pr\u00e9parant ainsi pour l\u2019avenir.<\/span><\/li>\n<li style=\"text-align: left;\"><span style=\"font-size: 18pt; color: #ffffff;\">VeryPay apporte la technologie qui permet le profilage de cr\u00e9dit, augmentant ainsi l&#039;acc\u00e8s au cr\u00e9dit.<\/span><\/li>\n<\/ul>\n <\/div>\n\t\t<\/div> \n\t<\/div>\n\t<\/div> \n<\/div><\/div>\n\t\t\t<\/div> \n\t\t<\/div>\n\t<\/div> \n<\/div><\/div>\n\t\t<div id=\"fws_69d8f9b680be2\"  data-column-margin=\"default\" data-midnight=\"dark\"  class=\"wpb_row vc_row-fluid vc_row full-width-section\"  style=\"padding-top: 0px; padding-bottom: 0px; \"><div class=\"row-bg-wrap\" data-bg-animation=\"none\" data-bg-animation-delay=\"\" data-bg-overlay=\"false\"><div class=\"inner-wrap row-bg-layer\" ><div class=\"row-bg viewport-desktop using-bg-color\"  style=\"background-color: #333333; \"><\/div><\/div><\/div><div class=\"row_col_wrap_12 col span_12 dark left\">\n\t<div  class=\"vc_col-sm-12 wpb_column column_container vc_column_container col no-extra-padding inherit_tablet inherit_phone\"  data-padding-pos=\"all\" data-has-bg-color=\"false\" data-bg-color=\"\" data-bg-opacity=\"1\" data-animation=\"\" data-delay=\"0\" >\n\t\t<div class=\"vc_column-inner\" >\n\t\t\t<div class=\"wpb_wrapper\">\n\t\t\t\t<div id=\"fws_69d8f9b680d01\" data-midnight=\"\" data-column-margin=\"default\" class=\"wpb_row vc_row-fluid vc_row inner_row\"  style=\"\"><div class=\"row-bg-wrap\"> <div class=\"row-bg\" ><\/div> <\/div><div class=\"row_col_wrap_12_inner col span_12  center\">\n\t<div  class=\"vc_col-sm-12 wpb_column column_container vc_column_container col child_column centered-text padding-4-percent inherit_tablet no-extra-padding_phone\"   data-padding-pos=\"all\" data-has-bg-color=\"false\" data-bg-color=\"\" data-bg-opacity=\"0.9\" data-animation=\"\" data-delay=\"0\" >\n\t\t<div class=\"vc_column-inner\" >\n\t\t<div class=\"wpb_wrapper\">\n\t\t\t\n\t<div class=\"wpb_video_widget wpb_content_element vc_clearfix  usecare_wrapper_video_iframe  vc_video-aspect-ratio-169 vc_video-el-width-100 vc_video-align-center\" >\n\t\t<div class=\"wpb_wrapper\">\n\t\t\t\n\t\t\t<div class=\"wpb_video_wrapper\"><iframe loading=\"lazy\" title=\"G\u00e9rez efficacement et en toute s\u00e9curit\u00e9 les paiements scolaires de votre enfant avec VeryPay\" width=\"500\" height=\"281\" src=\"https:\/\/www.youtube.com\/embed\/R-WsAJZQOLU?feature=oembed\" frameborder=\"0\" allow=\"accelerometer; autoplay; clipboard-write; encrypted-media; gyroscope; picture-in-picture; web-share\" referrerpolicy=\"strict-origin-when-cross-origin\" allowfullscreen><\/iframe><\/div>\n\t\t<\/div>\n\t<\/div>\n\n\t\t<\/div> \n\t<\/div>\n\t<\/div> \n<\/div><\/div>\n\t\t\t<\/div> \n\t\t<\/div>\n\t<\/div> \n<\/div><\/div>\n\t\t<div id=\"fws_69d8f9b681c43\"  data-column-margin=\"default\" data-midnight=\"dark\"  class=\"wpb_row vc_row-fluid vc_row full-width-section vc_row-o-equal-height vc_row-flex vc_row-o-content-middle  right_padding_24px left_padding_24px top_padding_phone_80px bottom_padding_phone_80px right_padding_phone_4px left_padding_phone_4px\"  style=\"padding-top: 80px; padding-bottom: 80px; \"><div class=\"row-bg-wrap\" data-bg-animation=\"none\" data-bg-animation-delay=\"\" data-bg-overlay=\"false\"><div class=\"inner-wrap row-bg-layer\" ><div class=\"row-bg viewport-desktop using-bg-color\"  style=\"background-color: #e21d33; \"><\/div><\/div><\/div><div class=\"row_col_wrap_12 col span_12 dark center\">\n\t<div  class=\"vc_col-sm-12 wpb_column column_container vc_column_container col centered-text no-extra-padding inherit_tablet inherit_phone\"  data-padding-pos=\"all\" data-has-bg-color=\"false\" data-bg-color=\"\" data-bg-opacity=\"1\" data-animation=\"\" data-delay=\"0\" >\n\t\t<div class=\"vc_column-inner\" >\n\t\t\t<div class=\"wpb_wrapper\">\n\t\t\t\t<h4 style=\"color: #ffffff;text-align: center\" class=\"vc_custom_heading vc_do_custom_heading\" >La solution VeryPay r\u00e9volutionne les paiements \u00e9ducatifs \u00e0 travers l&#039;Afrique. En collaborant avec les parents, les \u00e9coles et les institutions financi\u00e8res locales, nous permettons des transactions num\u00e9riques s\u00e9curis\u00e9es et pratiques qui r\u00e9duisent la d\u00e9pendance \u00e0 l&#039;argent liquide et renforcent la s\u00e9curit\u00e9. Cette approche innovante simplifie non seulement la gestion des paiements, mais garantit \u00e9galement une exp\u00e9rience transparente et s\u00fbre pour les familles et les \u00e9coles.<\/h4><div class=\"divider-wrap height_tablet_60px\" data-alignment=\"default\"><div style=\"height: 48px;\" class=\"divider\"><\/div><\/div><h5 style=\"font-size: 24px;color: #ffffff;text-align: center\" class=\"vc_custom_heading vc_do_custom_heading wpb_animate_when_almost_visible wpb_fadeInUp fadeInUp vc_custom_1723172014909\" >Pour en savoir plus, r\u00e9servez d\u00e8s aujourd\u2019hui un appel d\u00e9couverte avec notre \u00e9quipe.<\/h5><div class=\"divider-wrap height_phone_28px\" data-alignment=\"default\"><div style=\"height: 32px;\" class=\"divider\"><\/div><\/div><a class=\"nectar-button jumbo regular accent-color has-icon  wpb_animate_when_almost_visible wpb_fadeInUp fadeInUp regular-button\"  role=\"button\" style=\"color: #ffffff; background-color: #000000;\" target=\"_blank\" href=\"https:\/\/calendly.com\/verypay\" data-color-override=\"#000000\" data-hover-color-override=\"false\" data-hover-text-color-override=\"#fff\"><span>R\u00e9server un appel<\/span><i style=\"color: #ffffff;\"  class=\"icon-button-arrow\"><\/i><\/a>\n\t\t\t<\/div> \n\t\t<\/div>\n\t<\/div> \n<\/div><\/div>","protected":false},"excerpt":{"rendered":"Comment VeryPay impacte le syst\u00e8me \u00e9ducatif Dans de nombreuses r\u00e9gions d&#039;Afrique, les parents et les \u00e9tudiants comptent...","protected":false},"author":10,"featured_media":0,"parent":0,"menu_order":0,"comment_status":"closed","ping_status":"closed","template":"","meta":{"inline_featured_image":false,"footnotes":""},"class_list":["post-8524","page","type-page","status-publish"],"acf":[],"yoast_head":"<!-- This site is optimized with the Yoast SEO plugin v27.3 - https:\/\/yoast.com\/product\/yoast-seo-wordpress\/ -->\n<title>VeryPay Mobile Money Technology Solutions - Education<\/title>\n<meta name=\"description\" content=\"By addressing the challenges of manual and inefficient processes and limited access to credit, we empower MNO\u2019s to partner with African farmers to digitise their operations leading to increased yields and quality of life.\" \/>\n<meta name=\"robots\" content=\"index, follow, max-snippet:-1, max-image-preview:large, max-video-preview:-1\" \/>\n<link rel=\"canonical\" href=\"https:\/\/verypay.africa\/fr\/education\/\" \/>\n<meta property=\"og:locale\" content=\"fr_FR\" \/>\n<meta property=\"og:type\" content=\"article\" \/>\n<meta property=\"og:title\" content=\"VeryPay Mobile Money Technology Solutions - Education\" \/>\n<meta property=\"og:description\" content=\"By addressing the challenges of manual and inefficient processes and limited access to credit, we empower MNO\u2019s to partner with African farmers to digitise their operations leading to increased yields and quality of life.\" \/>\n<meta property=\"og:url\" content=\"https:\/\/verypay.africa\/fr\/education\/\" \/>\n<meta property=\"og:site_name\" content=\"verypay.africa\" \/>\n<meta property=\"article:modified_time\" content=\"2024-08-09T02:56:24+00:00\" \/>\n<meta name=\"twitter:card\" content=\"summary_large_image\" \/>\n<meta name=\"twitter:label1\" content=\"Dur\u00e9e de lecture estim\u00e9e\" \/>\n\t<meta name=\"twitter:data1\" content=\"4 minutes\" \/>\n<script type=\"application\/ld+json\" class=\"yoast-schema-graph\">{\"@context\":\"https:\\\/\\\/schema.org\",\"@graph\":[{\"@type\":\"WebPage\",\"@id\":\"https:\\\/\\\/verypay.africa\\\/education\\\/\",\"url\":\"https:\\\/\\\/verypay.africa\\\/education\\\/\",\"name\":\"VeryPay Mobile Money Technology Solutions - Education\",\"isPartOf\":{\"@id\":\"https:\\\/\\\/verypay.africa\\\/#website\"},\"datePublished\":\"2024-08-08T07:50:00+00:00\",\"dateModified\":\"2024-08-09T02:56:24+00:00\",\"description\":\"By addressing the challenges of manual and inefficient processes and limited access to credit, we empower MNO\u2019s to partner with African farmers to digitise their operations leading to increased yields and quality of life.\",\"breadcrumb\":{\"@id\":\"https:\\\/\\\/verypay.africa\\\/education\\\/#breadcrumb\"},\"inLanguage\":\"fr-FR\",\"potentialAction\":[{\"@type\":\"ReadAction\",\"target\":[\"https:\\\/\\\/verypay.africa\\\/education\\\/\"]}]},{\"@type\":\"BreadcrumbList\",\"@id\":\"https:\\\/\\\/verypay.africa\\\/education\\\/#breadcrumb\",\"itemListElement\":[{\"@type\":\"ListItem\",\"position\":1,\"name\":\"Home\",\"item\":\"https:\\\/\\\/verypay.africa\\\/\"},{\"@type\":\"ListItem\",\"position\":2,\"name\":\"Education\"}]},{\"@type\":\"WebSite\",\"@id\":\"https:\\\/\\\/verypay.africa\\\/#website\",\"url\":\"https:\\\/\\\/verypay.africa\\\/\",\"name\":\"verypay.africa\",\"description\":\"VeryPay Mobile Money Technology Solutions\",\"publisher\":{\"@id\":\"https:\\\/\\\/verypay.africa\\\/#organization\"},\"potentialAction\":[{\"@type\":\"SearchAction\",\"target\":{\"@type\":\"EntryPoint\",\"urlTemplate\":\"https:\\\/\\\/verypay.africa\\\/?s={search_term_string}\"},\"query-input\":{\"@type\":\"PropertyValueSpecification\",\"valueRequired\":true,\"valueName\":\"search_term_string\"}}],\"inLanguage\":\"fr-FR\"},{\"@type\":\"Organization\",\"@id\":\"https:\\\/\\\/verypay.africa\\\/#organization\",\"name\":\"VeryPay\",\"url\":\"https:\\\/\\\/verypay.africa\\\/\",\"logo\":{\"@type\":\"ImageObject\",\"inLanguage\":\"fr-FR\",\"@id\":\"https:\\\/\\\/verypay.africa\\\/#\\\/schema\\\/logo\\\/image\\\/\",\"url\":\"https:\\\/\\\/verypay.africa\\\/wp-content\\\/uploads\\\/2025\\\/11\\\/verypay-new-2025.svg\",\"contentUrl\":\"https:\\\/\\\/verypay.africa\\\/wp-content\\\/uploads\\\/2025\\\/11\\\/verypay-new-2025.svg\",\"width\":\"1024\",\"height\":\"1024\",\"caption\":\"VeryPay\"},\"image\":{\"@id\":\"https:\\\/\\\/verypay.africa\\\/#\\\/schema\\\/logo\\\/image\\\/\"}}]}<\/script>\n<!-- \/ Yoast SEO plugin. -->","yoast_head_json":{"title":"VeryPay Mobile Money Technology Solutions - Education","description":"En relevant les d\u00e9fis des processus manuels et inefficaces et de l&#039;acc\u00e8s limit\u00e9 au cr\u00e9dit, nous permettons aux op\u00e9rateurs de r\u00e9seaux mobiles de s&#039;associer aux agriculteurs africains pour num\u00e9riser leurs op\u00e9rations, ce qui conduit \u00e0 une augmentation des rendements et de la qualit\u00e9 de vie.","robots":{"index":"index","follow":"follow","max-snippet":"max-snippet:-1","max-image-preview":"max-image-preview:large","max-video-preview":"max-video-preview:-1"},"canonical":"https:\/\/verypay.africa\/fr\/education\/","og_locale":"fr_FR","og_type":"article","og_title":"VeryPay Mobile Money Technology Solutions - Education","og_description":"By addressing the challenges of manual and inefficient processes and limited access to credit, we empower MNO\u2019s to partner with African farmers to digitise their operations leading to increased yields and quality of life.","og_url":"https:\/\/verypay.africa\/fr\/education\/","og_site_name":"verypay.africa","article_modified_time":"2024-08-09T02:56:24+00:00","twitter_card":"summary_large_image","twitter_misc":{"Dur\u00e9e de lecture estim\u00e9e":"4 minutes"},"schema":{"@context":"https:\/\/schema.org","@graph":[{"@type":"WebPage","@id":"https:\/\/verypay.africa\/education\/","url":"https:\/\/verypay.africa\/education\/","name":"VeryPay Mobile Money Technology Solutions - Education","isPartOf":{"@id":"https:\/\/verypay.africa\/#website"},"datePublished":"2024-08-08T07:50:00+00:00","dateModified":"2024-08-09T02:56:24+00:00","description":"En relevant les d\u00e9fis des processus manuels et inefficaces et de l&#039;acc\u00e8s limit\u00e9 au cr\u00e9dit, nous permettons aux op\u00e9rateurs de r\u00e9seaux mobiles de s&#039;associer aux agriculteurs africains pour num\u00e9riser leurs op\u00e9rations, ce qui conduit \u00e0 une augmentation des rendements et de la qualit\u00e9 de vie.","breadcrumb":{"@id":"https:\/\/verypay.africa\/education\/#breadcrumb"},"inLanguage":"fr-FR","potentialAction":[{"@type":"ReadAction","target":["https:\/\/verypay.africa\/education\/"]}]},{"@type":"BreadcrumbList","@id":"https:\/\/verypay.africa\/education\/#breadcrumb","itemListElement":[{"@type":"ListItem","position":1,"name":"Home","item":"https:\/\/verypay.africa\/"},{"@type":"ListItem","position":2,"name":"Education"}]},{"@type":"WebSite","@id":"https:\/\/verypay.africa\/#website","url":"https:\/\/verypay.africa\/","name":"verypay.africa","description":"VeryPay Mobile Money Technology Solutions","publisher":{"@id":"https:\/\/verypay.africa\/#organization"},"potentialAction":[{"@type":"SearchAction","target":{"@type":"EntryPoint","urlTemplate":"https:\/\/verypay.africa\/?s={search_term_string}"},"query-input":{"@type":"PropertyValueSpecification","valueRequired":true,"valueName":"search_term_string"}}],"inLanguage":"fr-FR"},{"@type":"Organization","@id":"https:\/\/verypay.africa\/#organization","name":"Tr\u00e8s Payer","url":"https:\/\/verypay.africa\/","logo":{"@type":"ImageObject","inLanguage":"fr-FR","@id":"https:\/\/verypay.africa\/#\/schema\/logo\/image\/","url":"https:\/\/verypay.africa\/wp-content\/uploads\/2025\/11\/verypay-new-2025.svg","contentUrl":"https:\/\/verypay.africa\/wp-content\/uploads\/2025\/11\/verypay-new-2025.svg","width":"1024","height":"1024","caption":"VeryPay"},"image":{"@id":"https:\/\/verypay.africa\/#\/schema\/logo\/image\/"}}]}},"_links":{"self":[{"href":"https:\/\/verypay.africa\/fr\/wp-json\/wp\/v2\/pages\/8524","targetHints":{"allow":["GET"]}}],"collection":[{"href":"https:\/\/verypay.africa\/fr\/wp-json\/wp\/v2\/pages"}],"about":[{"href":"https:\/\/verypay.africa\/fr\/wp-json\/wp\/v2\/types\/page"}],"author":[{"embeddable":true,"href":"https:\/\/verypay.africa\/fr\/wp-json\/wp\/v2\/users\/10"}],"replies":[{"embeddable":true,"href":"https:\/\/verypay.africa\/fr\/wp-json\/wp\/v2\/comments?post=8524"}],"version-history":[{"count":0,"href":"https:\/\/verypay.africa\/fr\/wp-json\/wp\/v2\/pages\/8524\/revisions"}],"wp:attachment":[{"href":"https:\/\/verypay.africa\/fr\/wp-json\/wp\/v2\/media?parent=8524"}],"curies":[{"name":"wp","href":"https:\/\/api.w.org\/{rel}","templated":true}]}}