{"id":9296,"date":"2025-12-02T02:43:07","date_gmt":"2025-12-02T02:43:07","guid":{"rendered":"https:\/\/devverypaych.wpenginepowered.com\/?page_id=9296"},"modified":"2026-03-26T09:25:11","modified_gmt":"2026-03-26T09:25:11","slug":"market-uganda","status":"publish","type":"page","link":"https:\/\/verypay.africa\/fr\/market-uganda\/","title":{"rendered":"March\u00e9 de l&#039;Ouganda"},"content":{"rendered":"<div id=\"fws_69d788671b03d\"  data-column-margin=\"40px\" data-midnight=\"dark\"  class=\"wpb_row vc_row-fluid vc_row full-width-section vc_row-o-full-height vc_row-o-columns-middle vc_row-o-equal-height vc_row-flex vc_row-o-content-stretch  bottom_margin_60px right_padding_2pct left_padding_2pct translate_x_0px bottom_margin_phone_40px\"  style=\"padding-top: 0px; padding-bottom: 0px; \"><div class=\"row-bg-wrap\" data-bg-animation=\"none\" data-bg-animation-delay=\"\" data-bg-overlay=\"false\"><div class=\"inner-wrap row-bg-layer using-image\" ><div class=\"row-bg viewport-desktop using-image\"  style=\"background-image: url(https:\/\/verypay.africa\/wp-content\/uploads\/2025\/12\/Component-21.png); background-position: center center; background-repeat: no-repeat; \"><\/div><\/div><\/div><div class=\"row_col_wrap_12 col span_12 dark left\">\n\t<div style=\"\" class=\"vc_col-sm-6 bg-market-map wpb_column column_container vc_column_container col el_spacing_40px top_padding_desktop_8pct top_padding_tablet_6pct bottom_padding_desktop_8pct bottom_padding_tablet_6pct\" data-using-bg=\"true\" data-padding-pos=\"all\" data-has-bg-color=\"false\" data-bg-color=\"\" data-bg-opacity=\"1\" data-animation=\"\" data-delay=\"0\" >\n\t\t<div class=\"vc_column-inner\" ><div class=\"column-image-bg-wrap column-bg-layer viewport-desktop\" data-bg-pos=\"right center\" data-bg-animation=\"none\" data-bg-overlay=\"false\"><div class=\"inner-wrap\"><div class=\"column-image-bg\" style=\" background-image: url('https:\/\/verypay.africa\/wp-content\/uploads\/2025\/12\/map-uganda.svg'); \"><\/div><\/div><\/div>\n\t\t\t<div class=\"wpb_wrapper\">\n\t\t\t\t<div class=\"divider-wrap\" data-alignment=\"default\"><div style=\"height: 8%;\" class=\"divider\"><\/div><\/div><a class=\"nectar-button small see-through accent-color verypay-title-border\"  role=\"button\" style=\"\"  href=\"#\" data-color-override=\"false\" data-hover-color-override=\"false\" data-hover-text-color-override=\"#fff\"><span>March\u00e9s VeryPay<\/span><\/a>\n<div class=\"wpb_text_column wpb_content_element\" >\n\t<div class=\"wpb_wrapper\">\n\t\t<h1>Tr\u00e8s Payer<br \/>\nest en direct<br \/>\n<span style=\"color: #cd2700;\">Ouganda<\/span><\/h1>\n\t<\/div>\n<\/div>\n\n\n\n\n<div class=\"wpb_text_column wpb_content_element\" >\n\t<div class=\"wpb_wrapper\">\n\t\t<p style=\"font-weight: 300;\">Nous transformons les transactions quotidiennes en exp\u00e9riences plus intelligentes et plus s\u00fbres. En r\u00e9volutionnant les paiements dans les secteurs de l&#039;\u00e9ducation, du commerce de d\u00e9tail, des transports et des transferts d&#039;aide sociale, nous proposons des solutions s\u00e9curis\u00e9es et innovantes \u00e0 travers l&#039;Afrique.<\/p>\n\t<\/div>\n<\/div>\n\n\n\n\n\t\t\t<\/div> \n\t\t<\/div>\n\t<\/div> \n\n\t<div  class=\"vc_col-sm-6 banner-header-right wpb_column column_container vc_column_container col max_width_desktop_100pct el_spacing_0px top_padding_desktop_0px bottom_padding_desktop_0px\"  data-padding-pos=\"all\" data-has-bg-color=\"false\" data-bg-color=\"\" data-bg-opacity=\"1\" data-animation=\"\" data-delay=\"0\" >\n\t\t<div class=\"vc_column-inner\" >\n\t\t\t<div class=\"wpb_wrapper\">\n\t\t\t\t<div id=\"fws_69d788671bb65\" data-midnight=\"\" data-column-margin=\"default\" class=\"wpb_row vc_row-fluid vc_row inner_row\"  style=\"\"><div class=\"row-bg-wrap\"> <div class=\"row-bg\" ><\/div> <\/div><div class=\"row_col_wrap_12_inner col span_12  left\">\n\t<div style=\"\" class=\"vc_col-sm-12 wpb_column column_container vc_column_container col child_column no-extra-padding inherit_tablet inherit_phone\"  data-using-bg=\"true\" data-bg-cover=\"true\" data-padding-pos=\"all\" data-has-bg-color=\"false\" data-bg-color=\"\" data-bg-opacity=\"1\" data-animation=\"\" data-delay=\"0\" >\n\t\t<div class=\"vc_column-inner\" ><div class=\"column-image-bg-wrap column-bg-layer viewport-desktop\" data-n-parallax-bg=\"true\" data-parallax-speed=\"very_subtle\" data-bg-pos=\"center center\" data-bg-animation=\"none\" data-bg-overlay=\"false\"><div class=\"inner-wrap\"><div class=\"column-image-bg parallax-layer\" style=\" background-image: url('https:\/\/verypay.africa\/wp-content\/uploads\/2025\/12\/Frame-1618869505.png'); \"><\/div><\/div><\/div>\n\t\t<div class=\"wpb_wrapper\">\n\t\t\t<div class=\"divider-wrap height_tablet_70vh height_phone_60vh\" data-alignment=\"default\"><div style=\"height: 100vh;\" class=\"divider\"><\/div><\/div>\n\t\t<\/div> \n\t<\/div>\n\t<\/div> \n<\/div><\/div>\n\t\t\t<\/div> \n\t\t<\/div>\n\t<\/div> \n<\/div><\/div>\n\t\t<div id=\"border-market-ticket\"  data-br=\"custom\" data-br-applies=\"bg\" data-column-margin=\"custom\" data-midnight=\"dark\"  class=\"wpb_row vc_row-fluid vc_row vc_row-o-equal-height vc_row-flex vc_row-o-content-top  tl_br_50px tr_br_50px bl_br_50px br_br_50px bottom_margin_190px left_padding_30px column-margin-25px top_padding_phone_60px bottom_padding_phone_45px left_padding_phone_20px bottom_margin_tablet_100px bottom_margin_phone_60px\"  style=\"padding-top: 95px; padding-bottom: 76px; \"><div class=\"row-bg-wrap\" data-bg-animation=\"none\" data-bg-animation-delay=\"\" data-bg-overlay=\"false\"><div class=\"inner-wrap row-bg-layer\" ><div class=\"row-bg viewport-desktop using-bg-color-excluded\"  style=\"background-color: #FFFBF8; \"><\/div><\/div><\/div><div class=\"row_col_wrap_12 col span_12 dark left\">\n\t<div  class=\"vc_col-sm-7 wpb_column column_container vc_column_container col no-extra-padding inherit_tablet inherit_phone\"  data-padding-pos=\"all\" data-has-bg-color=\"false\" data-bg-color=\"\" data-bg-opacity=\"1\" data-animation=\"\" data-delay=\"0\" >\n\t\t<div class=\"vc_column-inner\" >\n\t\t\t<div class=\"wpb_wrapper\">\n\t\t\t\t<div id=\"fws_69d788671c4df\" data-midnight=\"\" data-column-margin=\"custom\" class=\"wpb_row vc_row-fluid vc_row inner_row vc_row-o-equal-height vc_row-flex column-margin-25px\"  style=\"\"><div class=\"row-bg-wrap\"> <div class=\"row-bg\" ><\/div> <\/div><div class=\"row_col_wrap_12_inner col span_12  left\">\n\t<div  class=\"vc_col-sm-6 wpb_column column_container vc_column_container col child_column no-extra-padding el_spacing_30px inherit_tablet inherit_phone\"   data-padding-pos=\"all\" data-has-bg-color=\"false\" data-bg-color=\"\" data-bg-opacity=\"1\" data-animation=\"\" data-delay=\"0\" >\n\t\t<div class=\"vc_column-inner\" >\n\t\t<div class=\"wpb_wrapper\">\n\t\t\t\n<div class=\"wpb_text_column wpb_content_element\" >\n\t<div class=\"wpb_wrapper\">\n\t\t<h2><span style=\"color: #cd2700;\">ougandais<\/span><br \/>\nMarch\u00e9s<\/h2>\n\t<\/div>\n<\/div>\n\n\n\n<div class=\"nectar-split-heading  font_size_14px\" data-align=\"default\" data-m-align=\"inherit\" data-text-effect=\"none\" data-animation-type=\"line-reveal-by-space\" data-animation-delay=\"0\" data-animation-offset=\"\" data-m-rm-animation=\"\" data-stagger=\"\" data-custom-font-size=\"true\" style=\"font-size: 14px; line-height: 21px;\"><p >En partenariat avec<\/p><\/div>\n\t<div class=\"wpb_gallery wpb_content_element banner-gallery-img clearfix\">\n\t\t<div class=\"wpb_wrapper\"><div class=\"wpb_gallery_slidesflickity_static_height_style\" data-onclick=\"link_no\" data-interval=\"5\"><style>.wpb_gallery_slidesflickity_static_height_style .nectar-flickity.instace-69d788671ce6d:not(.masonry) .flickity-slider .cell img {\n      height: 56px;\n    }\n    @media only screen and (max-width: 1300px) {\n      .wpb_gallery_slidesflickity_static_height_style .nectar-flickity.instace-69d788671ce6d:not(.masonry) .flickity-slider .cell img {\n        height: 56px;\n      }\n    }\n    @media only screen and (max-width: 1000px) {\n      .wpb_gallery_slidesflickity_static_height_style .nectar-flickity.instace-69d788671ce6d:not(.masonry) .flickity-slider .cell img {\n        height: 56px;\n      }\n    }\n    @media only screen and (max-width: 690px) {\n      .wpb_gallery_slidesflickity_static_height_style .nectar-flickity.instace-69d788671ce6d:not(.masonry) .flickity-slider .cell img {\n        height: 56px;\n      }\n    }<\/style><div class=\"nectar-flickity not-initialized instace-69d788671ce6d\"  data-touch-icon-color=\"default\" data-drag-scale=\"\" data-overflow=\"hidden\" data-wrap=\"no-wrap\" data-spacing=\"20px\" data-shadow=\"none\" data-autoplay=\"\" data-autoplay-dur=\"\" data-free-scroll=\"\" data-controls=\"none\"><div class=\"flickity-viewport\"> <div class=\"flickity-slider\"><div class=\"cell\" data-lazy=\"false\"><img loading=\"lazy\" decoding=\"async\" width=\"75\" height=\"51\" src=\"https:\/\/verypay.africa\/wp-content\/uploads\/2025\/12\/MTN-mom-ug-1.png\" class=\"skip-lazy nectar-lazy attachment-large\" alt=\"\" title=\"MTN maman ug 1\" srcset=\"https:\/\/verypay.africa\/wp-content\/uploads\/2025\/12\/MTN-mom-ug-1.png 75w, https:\/\/verypay.africa\/wp-content\/uploads\/2025\/12\/MTN-mom-ug-1-18x12.png 18w\" sizes=\"auto, (max-width: 75px) 100vw, 75px\" \/><\/div><div class=\"cell\" data-lazy=\"false\"><img loading=\"lazy\" decoding=\"async\" width=\"47\" height=\"79\" src=\"https:\/\/verypay.africa\/wp-content\/uploads\/2025\/12\/Group-3194.png\" class=\"skip-lazy nectar-lazy attachment-large\" alt=\"\" title=\"Groupe 3194\" srcset=\"https:\/\/verypay.africa\/wp-content\/uploads\/2025\/12\/Group-3194.png 47w, https:\/\/verypay.africa\/wp-content\/uploads\/2025\/12\/Group-3194-7x12.png 7w\" sizes=\"auto, (max-width: 47px) 100vw, 47px\" \/><\/div><\/div><\/div><\/div><\/div>\n\t\t<\/div> \n\t<\/div> \n\t\t<\/div> \n\t<\/div>\n\t<\/div> \n\n\t<div style=\" color: #FFFFFF;\" class=\"vc_col-sm-6 wpb_column column_container vc_column_container col child_column left_padding_desktop_40px top_padding_desktop_40px right_padding_desktop_60px bottom_padding_desktop_25px\" data-cfc=\"true\" data-using-bg=\"true\" data-border-radius=\"15px\" data-padding-pos=\"all\" data-has-bg-color=\"true\" data-bg-color=\"#482222\" data-bg-opacity=\"1\" data-animation=\"\" data-delay=\"0\" >\n\t\t<div class=\"vc_column-inner\" ><div class=\"column-bg-overlay-wrap column-bg-layer\" data-bg-animation=\"none\"><div class=\"column-bg-overlay\" style=\"opacity: 1; background-color: #482222;\"><\/div><\/div>\n\t\t<div class=\"wpb_wrapper\">\n\t\t\t<div class=\"img-with-aniamtion-wrap\" data-max-width=\"100%\" data-max-width-mobile=\"default\" data-shadow=\"none\" data-animation=\"none\" >\n      <div class=\"inner\">\n        <div class=\"hover-wrap\"> \n          <div class=\"hover-wrap-inner\">\n            <img loading=\"lazy\" decoding=\"async\" class=\"img-with-animation skip-lazy\" data-delay=\"0\" height=\"92\" width=\"88\" data-animation=\"none\" src=\"https:\/\/verypay.africa\/wp-content\/uploads\/2025\/12\/Frame-1618869479.png\" alt=\"\" srcset=\"https:\/\/verypay.africa\/wp-content\/uploads\/2025\/12\/Frame-1618869479.png 88w, https:\/\/verypay.africa\/wp-content\/uploads\/2025\/12\/Frame-1618869479-11x12.png 11w\" sizes=\"auto, (max-width: 88px) 100vw, 88px\" \/>\n          <\/div>\n        <\/div>\n      <\/div>\n    <\/div>\n<div class=\"wpb_text_column wpb_content_element\" >\n\t<div class=\"wpb_wrapper\">\n\t\t<h2><span style=\"color: #cd2700;\">sans esp\u00e8ces<br \/>\n<\/span>\u00c9coles<\/h2>\n\t<\/div>\n<\/div>\n\n\n\n\n\t\t<\/div> \n\t<\/div>\n\t<\/div> \n<\/div><\/div>\n\t\t\t<\/div> \n\t\t<\/div>\n\t<\/div> \n\n\t<div  class=\"vc_col-sm-5 wpb_column column_container vc_column_container col no-extra-padding el_spacing_20px inherit_tablet inherit_phone\"  data-padding-pos=\"all\" data-has-bg-color=\"false\" data-bg-color=\"\" data-bg-opacity=\"1\" data-animation=\"\" data-delay=\"0\" >\n\t\t<div class=\"vc_column-inner\" >\n\t\t\t<div class=\"wpb_wrapper\">\n\t\t\t\t<div id=\"fws_69d788671e377\" data-midnight=\"\" data-column-margin=\"default\" class=\"wpb_row vc_row-fluid vc_row inner_row\"  style=\"\"><div class=\"row-bg-wrap\"> <div class=\"row-bg\" ><\/div> <\/div><div class=\"row_col_wrap_12_inner col span_12  left\">\n\t<div style=\"\" class=\"vc_col-sm-12 bg-market-ticket wpb_column column_container vc_column_container col child_column tl_br_15px bl_br_15px left_padding_desktop_40px left_padding_phone_25px top_padding_desktop_55px top_padding_phone_35px right_padding_desktop_40px right_padding_phone_25px bottom_padding_desktop_46px bottom_padding_phone_30px\"  data-using-bg=\"true\" data-padding-pos=\"all\" data-has-bg-color=\"true\" data-bg-color=\"#FFE4E4CC\" data-bg-opacity=\"1\" data-animation=\"\" data-delay=\"0\" >\n\t\t<div class=\"vc_column-inner\" ><div class=\"column-image-bg-wrap column-bg-layer viewport-desktop\" data-bg-pos=\"right center\" data-bg-animation=\"none\" data-bg-overlay=\"false\"><div class=\"inner-wrap\"><div class=\"column-image-bg\" style=\" background-image: url('https:\/\/verypay.africa\/wp-content\/uploads\/2025\/12\/Frame-1618869477.png'); \"><\/div><\/div><\/div><div class=\"column-bg-overlay-wrap column-bg-layer\" data-bg-animation=\"none\"><div class=\"column-bg-overlay\" style=\"opacity: 1; background-color: #FFE4E4CC;\"><\/div><\/div>\n\t\t<div class=\"wpb_wrapper\">\n\t\t\t\n<div class=\"wpb_text_column wpb_content_element  text-d-flex-item-center\" >\n\t<div class=\"wpb_wrapper\">\n\t\t<p style=\"font-size: 96px; font-weight: 300; line-height: 67px;\">Plus de 9 000<\/p>\n<p>Les utilisateurs dans<br \/>\nsans esp\u00e8ces<br \/>\n\u00c9coles<\/p>\n\t<\/div>\n<\/div>\n\n\n\n\n\t\t<\/div> \n\t<\/div>\n\t<\/div> \n<\/div><\/div><div id=\"fws_69d788671e940\" data-midnight=\"\" data-column-margin=\"default\" class=\"wpb_row vc_row-fluid vc_row inner_row\"  style=\"\"><div class=\"row-bg-wrap\"> <div class=\"row-bg\" ><\/div> <\/div><div class=\"row_col_wrap_12_inner col span_12  left\">\n\t<div style=\" color: #FFFFFF;\" class=\"vc_col-sm-12 wpb_column column_container vc_column_container col child_column tl_br_15px bl_br_15px left_padding_desktop_30px left_padding_phone_25px top_padding_desktop_35px top_padding_phone_25px right_padding_desktop_80px right_padding_phone_40px bottom_padding_desktop_30px bottom_padding_phone_25px\" data-cfc=\"true\" data-using-bg=\"true\" data-padding-pos=\"all\" data-has-bg-color=\"false\" data-bg-color=\"\" data-bg-opacity=\"1\" data-animation=\"\" data-delay=\"0\" >\n\t\t<div class=\"vc_column-inner\" ><div class=\"column-image-bg-wrap column-bg-layer viewport-desktop\" data-bg-pos=\"right center\" data-bg-animation=\"none\" data-bg-overlay=\"false\"><div class=\"inner-wrap\"><div class=\"column-image-bg\" style=\" background-image: url('https:\/\/verypay.africa\/wp-content\/uploads\/2025\/12\/Frame-1618869483.png'); \"><\/div><\/div><\/div>\n\t\t<div class=\"wpb_wrapper\">\n\t\t\t\n<div class=\"wpb_text_column wpb_content_element\" >\n\t<div class=\"wpb_wrapper\">\n\t\t<p>Nous transformons le secteur de l&#039;\u00e9ducation en Ouganda en facilitant le paiement s\u00e9curis\u00e9 et sans esp\u00e8ces des frais de scolarit\u00e9. En partenariat avec MTN et Airtel Money, notre plateforme garantit des transactions plus s\u00fbres et plus simples pour les \u00e9coles et les parents.<\/p>\n\t<\/div>\n<\/div>\n\n\n\n\n\t\t<\/div> \n\t<\/div>\n\t<\/div> \n<\/div><\/div>\n\t\t\t<\/div> \n\t\t<\/div>\n\t<\/div> \n<\/div><\/div>\n\t\t<div id=\"fws_69d788671ed03\"  data-column-margin=\"default\" data-midnight=\"light\"  class=\"wpb_row vc_row-fluid vc_row full-width-section  top_padding_tablet_40px top_padding_phone_30px bottom_padding_tablet_90px bottom_padding_phone_60px\"  style=\"padding-top: 50px; padding-bottom: 117px; \"><div class=\"row-bg-wrap\" data-bg-animation=\"none\" data-bg-animation-delay=\"\" data-bg-overlay=\"false\"><div class=\"inner-wrap row-bg-layer using-image\" ><div class=\"row-bg viewport-desktop using-image\"  style=\"background-image: url(https:\/\/verypay.africa\/wp-content\/uploads\/2025\/11\/bg-vp-cta.png); background-position: center center; background-repeat: no-repeat; \"><\/div><\/div><\/div><div class=\"row_col_wrap_12 col span_12 light center\">\n\t<div  class=\"vc_col-sm-12 wpb_column column_container vc_column_container col centered-text force-desktop-text-align-center el_spacing_30px left_padding_desktop_22pct left_padding_tablet_15pct left_padding_phone_5pct right_padding_desktop_22pct right_padding_tablet_15pct right_padding_phone_5pct\"  data-padding-pos=\"all\" data-has-bg-color=\"false\" data-bg-color=\"\" data-bg-opacity=\"1\" data-animation=\"\" data-delay=\"0\" >\n\t\t<div class=\"vc_column-inner\" >\n\t\t\t<div class=\"wpb_wrapper\">\n\t\t\t\t<div class=\"nectar-split-heading  font_size_40px font_size_tablet_36px font_size_phone_26px  header-red\" data-align=\"default\" data-m-align=\"inherit\" data-text-effect=\"default\" data-animation-type=\"line-reveal-by-space\" data-animation-delay=\"0\" data-animation-offset=\"\" data-m-rm-animation=\"\" data-stagger=\"true\" data-custom-font-size=\"true\" style=\"font-size: 40px; line-height: 43.2px;\"><h3 >\u00c9voluez avec VeryPay<\/h3><\/div><h4 style=\"color: #FFFFFF;text-align: center\" class=\"vc_custom_heading vc_do_custom_heading wpb_animate_when_almost_visible wpb_fadeIn fadeIn\" >Construisons ensemble un avenir sans esp\u00e8ces.<br \/>\npaiements et inclusion financi\u00e8re<\/h4><div class=\"nectar-cta  alignment_tablet_default alignment_phone_default display_tablet_inherit display_phone_inherit\" data-color=\"accent-color\" data-using-bg=\"true\" data-style=\"arrow-animation\" data-display=\"block\" data-alignment=\"left\" data-text-color=\"custom\" style=\"margin-top: 40px; \"><p style=\"color: #FFFFFF;\"><span class=\"link_wrap\" style=\"padding-top: 12px; padding-right: 30px; padding-bottom: 12px; padding-left: 30px;\"><a target=\"_blank\" class=\"link_text\" role=\"button\" href=\"https:\/\/calendly.com\/verypay\"><span class=\"text\">Devenez partenaire avec nous<\/span><svg class=\"next-arrow\" aria-hidden=\"true\" width=\"20px\" height=\"25px\" viewbox=\"0 0 50 80\" xml:space=\"preserve\">\n  <polyline stroke=\"#ffffff\" stroke-width=\"9\" fill=\"none\" stroke-linecap=\"round\" stroke-linejoin=\"round\" points=\"0, 0 45, 40 0, 80\"\/>\n  <\/svg>  <span aria-hidden=\"true\" class=\"line\"  style=\"background-color: #FFFFFF;\"><\/span> <\/a><\/span><\/p><\/div>\n\t\t\t<\/div> \n\t\t<\/div>\n\t<\/div> \n<\/div><\/div>","protected":false},"excerpt":{"rendered":"VeryPay Markets VeryPay is live in Uganda We\u2019re transforming everyday transactions into smarter, safer experiences....","protected":false},"author":12,"featured_media":0,"parent":0,"menu_order":0,"comment_status":"closed","ping_status":"closed","template":"","meta":{"inline_featured_image":false,"footnotes":""},"class_list":["post-9296","page","type-page","status-publish"],"acf":[],"yoast_head":"<!-- This site is optimized with the Yoast SEO plugin v27.3 - https:\/\/yoast.com\/product\/yoast-seo-wordpress\/ -->\n<title>VeryPay Mobile Money Technology Solutions - Market Uganda<\/title>\n<meta name=\"robots\" content=\"index, follow, max-snippet:-1, max-image-preview:large, max-video-preview:-1\" \/>\n<link rel=\"canonical\" href=\"https:\/\/verypay.africa\/fr\/market-uganda\/\" \/>\n<meta property=\"og:locale\" content=\"fr_FR\" \/>\n<meta property=\"og:type\" content=\"article\" \/>\n<meta property=\"og:title\" content=\"VeryPay Mobile Money Technology Solutions - Market Uganda\" \/>\n<meta property=\"og:url\" content=\"https:\/\/verypay.africa\/fr\/market-uganda\/\" \/>\n<meta property=\"og:site_name\" content=\"verypay.africa\" \/>\n<meta property=\"article:modified_time\" content=\"2026-03-26T09:25:11+00:00\" \/>\n<meta name=\"twitter:card\" content=\"summary_large_image\" \/>\n<meta name=\"twitter:label1\" content=\"Dur\u00e9e de lecture estim\u00e9e\" \/>\n\t<meta name=\"twitter:data1\" content=\"3 minutes\" \/>\n<script type=\"application\/ld+json\" class=\"yoast-schema-graph\">{\"@context\":\"https:\\\/\\\/schema.org\",\"@graph\":[{\"@type\":\"WebPage\",\"@id\":\"https:\\\/\\\/verypay.africa\\\/market-uganda\\\/\",\"url\":\"https:\\\/\\\/verypay.africa\\\/market-uganda\\\/\",\"name\":\"VeryPay Mobile Money Technology Solutions - Market Uganda\",\"isPartOf\":{\"@id\":\"https:\\\/\\\/verypay.africa\\\/#website\"},\"datePublished\":\"2025-12-02T02:43:07+00:00\",\"dateModified\":\"2026-03-26T09:25:11+00:00\",\"breadcrumb\":{\"@id\":\"https:\\\/\\\/verypay.africa\\\/market-uganda\\\/#breadcrumb\"},\"inLanguage\":\"fr-FR\",\"potentialAction\":[{\"@type\":\"ReadAction\",\"target\":[\"https:\\\/\\\/verypay.africa\\\/market-uganda\\\/\"]}]},{\"@type\":\"BreadcrumbList\",\"@id\":\"https:\\\/\\\/verypay.africa\\\/market-uganda\\\/#breadcrumb\",\"itemListElement\":[{\"@type\":\"ListItem\",\"position\":1,\"name\":\"Home\",\"item\":\"https:\\\/\\\/verypay.africa\\\/\"},{\"@type\":\"ListItem\",\"position\":2,\"name\":\"Market Uganda\"}]},{\"@type\":\"WebSite\",\"@id\":\"https:\\\/\\\/verypay.africa\\\/#website\",\"url\":\"https:\\\/\\\/verypay.africa\\\/\",\"name\":\"verypay.africa\",\"description\":\"VeryPay Mobile Money Technology Solutions\",\"publisher\":{\"@id\":\"https:\\\/\\\/verypay.africa\\\/#organization\"},\"potentialAction\":[{\"@type\":\"SearchAction\",\"target\":{\"@type\":\"EntryPoint\",\"urlTemplate\":\"https:\\\/\\\/verypay.africa\\\/?s={search_term_string}\"},\"query-input\":{\"@type\":\"PropertyValueSpecification\",\"valueRequired\":true,\"valueName\":\"search_term_string\"}}],\"inLanguage\":\"fr-FR\"},{\"@type\":\"Organization\",\"@id\":\"https:\\\/\\\/verypay.africa\\\/#organization\",\"name\":\"VeryPay\",\"url\":\"https:\\\/\\\/verypay.africa\\\/\",\"logo\":{\"@type\":\"ImageObject\",\"inLanguage\":\"fr-FR\",\"@id\":\"https:\\\/\\\/verypay.africa\\\/#\\\/schema\\\/logo\\\/image\\\/\",\"url\":\"https:\\\/\\\/verypay.africa\\\/wp-content\\\/uploads\\\/2025\\\/11\\\/verypay-new-2025.svg\",\"contentUrl\":\"https:\\\/\\\/verypay.africa\\\/wp-content\\\/uploads\\\/2025\\\/11\\\/verypay-new-2025.svg\",\"width\":\"1024\",\"height\":\"1024\",\"caption\":\"VeryPay\"},\"image\":{\"@id\":\"https:\\\/\\\/verypay.africa\\\/#\\\/schema\\\/logo\\\/image\\\/\"}}]}<\/script>\n<!-- \/ Yoast SEO plugin. -->","yoast_head_json":{"title":"VeryPay Mobile Money Technology Solutions - Market Uganda","robots":{"index":"index","follow":"follow","max-snippet":"max-snippet:-1","max-image-preview":"max-image-preview:large","max-video-preview":"max-video-preview:-1"},"canonical":"https:\/\/verypay.africa\/fr\/market-uganda\/","og_locale":"fr_FR","og_type":"article","og_title":"VeryPay Mobile Money Technology Solutions - Market Uganda","og_url":"https:\/\/verypay.africa\/fr\/market-uganda\/","og_site_name":"verypay.africa","article_modified_time":"2026-03-26T09:25:11+00:00","twitter_card":"summary_large_image","twitter_misc":{"Dur\u00e9e de lecture estim\u00e9e":"3 minutes"},"schema":{"@context":"https:\/\/schema.org","@graph":[{"@type":"WebPage","@id":"https:\/\/verypay.africa\/market-uganda\/","url":"https:\/\/verypay.africa\/market-uganda\/","name":"VeryPay Mobile Money Technology Solutions - Market Uganda","isPartOf":{"@id":"https:\/\/verypay.africa\/#website"},"datePublished":"2025-12-02T02:43:07+00:00","dateModified":"2026-03-26T09:25:11+00:00","breadcrumb":{"@id":"https:\/\/verypay.africa\/market-uganda\/#breadcrumb"},"inLanguage":"fr-FR","potentialAction":[{"@type":"ReadAction","target":["https:\/\/verypay.africa\/market-uganda\/"]}]},{"@type":"BreadcrumbList","@id":"https:\/\/verypay.africa\/market-uganda\/#breadcrumb","itemListElement":[{"@type":"ListItem","position":1,"name":"Home","item":"https:\/\/verypay.africa\/"},{"@type":"ListItem","position":2,"name":"Market Uganda"}]},{"@type":"WebSite","@id":"https:\/\/verypay.africa\/#website","url":"https:\/\/verypay.africa\/","name":"verypay.africa","description":"VeryPay Mobile Money Technology Solutions","publisher":{"@id":"https:\/\/verypay.africa\/#organization"},"potentialAction":[{"@type":"SearchAction","target":{"@type":"EntryPoint","urlTemplate":"https:\/\/verypay.africa\/?s={search_term_string}"},"query-input":{"@type":"PropertyValueSpecification","valueRequired":true,"valueName":"search_term_string"}}],"inLanguage":"fr-FR"},{"@type":"Organization","@id":"https:\/\/verypay.africa\/#organization","name":"Tr\u00e8s Payer","url":"https:\/\/verypay.africa\/","logo":{"@type":"ImageObject","inLanguage":"fr-FR","@id":"https:\/\/verypay.africa\/#\/schema\/logo\/image\/","url":"https:\/\/verypay.africa\/wp-content\/uploads\/2025\/11\/verypay-new-2025.svg","contentUrl":"https:\/\/verypay.africa\/wp-content\/uploads\/2025\/11\/verypay-new-2025.svg","width":"1024","height":"1024","caption":"VeryPay"},"image":{"@id":"https:\/\/verypay.africa\/#\/schema\/logo\/image\/"}}]}},"_links":{"self":[{"href":"https:\/\/verypay.africa\/fr\/wp-json\/wp\/v2\/pages\/9296","targetHints":{"allow":["GET"]}}],"collection":[{"href":"https:\/\/verypay.africa\/fr\/wp-json\/wp\/v2\/pages"}],"about":[{"href":"https:\/\/verypay.africa\/fr\/wp-json\/wp\/v2\/types\/page"}],"author":[{"embeddable":true,"href":"https:\/\/verypay.africa\/fr\/wp-json\/wp\/v2\/users\/12"}],"replies":[{"embeddable":true,"href":"https:\/\/verypay.africa\/fr\/wp-json\/wp\/v2\/comments?post=9296"}],"version-history":[{"count":0,"href":"https:\/\/verypay.africa\/fr\/wp-json\/wp\/v2\/pages\/9296\/revisions"}],"wp:attachment":[{"href":"https:\/\/verypay.africa\/fr\/wp-json\/wp\/v2\/media?parent=9296"}],"curies":[{"name":"wp","href":"https:\/\/api.w.org\/{rel}","templated":true}]}}