{"id":9426,"date":"2025-12-04T09:24:11","date_gmt":"2025-12-04T09:24:11","guid":{"rendered":"https:\/\/devverypaych.wpenginepowered.com\/?page_id=9426"},"modified":"2025-12-08T07:19:57","modified_gmt":"2025-12-08T07:19:57","slug":"nancy-mwila","status":"publish","type":"page","link":"https:\/\/verypay.africa\/fr\/meet-our-team\/nancy-mwila\/","title":{"rendered":"Nancy Mwila"},"content":{"rendered":"<div id=\"fws_69dcc5c2cf9a0\"  data-column-margin=\"default\" data-midnight=\"dark\"  class=\"wpb_row vc_row-fluid vc_row full-width-content vc_row-o-equal-height vc_row-flex vc_row-o-content-middle verypay-team-section\"  style=\"padding-top: 0px; padding-bottom: 0px; \"><div class=\"row-bg-wrap\" data-bg-animation=\"none\" data-bg-animation-delay=\"\" data-bg-overlay=\"false\"><div class=\"inner-wrap row-bg-layer\" ><div class=\"row-bg viewport-desktop\"  style=\"\"><\/div><\/div><\/div><div class=\"row_col_wrap_12 col span_12 dark left\">\n\t<div style=\" color: #FFFFFF;\" class=\"vc_col-sm-8 vc_col-xs-11 wpb_column column_container vc_column_container col tr_br_47px left_padding_desktop_6pct left_padding_tablet_4pct left_padding_phone_0px top_padding_desktop_60px top_padding_tablet_50px top_padding_phone_30px right_padding_desktop_8pct right_padding_tablet_4pct right_padding_phone_0px bottom_padding_desktop_60px bottom_padding_tablet_50px bottom_padding_phone_30px\" data-cfc=\"true\" data-using-bg=\"true\" data-bg-cover=\"true\" data-padding-pos=\"all\" data-has-bg-color=\"false\" data-bg-color=\"\" data-bg-opacity=\"1\" data-animation=\"\" data-delay=\"0\" >\n\t\t<div class=\"vc_column-inner\" ><div class=\"column-image-bg-wrap column-bg-layer viewport-desktop\" data-bg-pos=\"center center\" data-bg-animation=\"none\" data-bg-overlay=\"false\"><div class=\"inner-wrap\"><div class=\"column-image-bg\" style=\" background-image: url('https:\/\/verypay.africa\/wp-content\/uploads\/2025\/11\/Frame-1618869380.png'); \"><\/div><\/div><\/div>\n\t\t\t<div class=\"wpb_wrapper\">\n\t\t\t\t<div class=\"iwithtext\"><div class=\"iwt-icon\"> <img decoding=\"async\" src=\"https:\/\/verypay.africa\/wp-content\/uploads\/2025\/11\/VeryPlay_Color-Symbol-White-Text-1.png\" alt=\"\" \/> <\/div><div class=\"iwt-text\"> \n<h1><span style=\"font-weight: 100;\">Rencontrer<\/span><br \/>\nNancy<br \/>\nMwila<\/h1>\n<h5>Soutien aux op\u00e9rations, Zambie<\/h5>\n <\/div><div class=\"clear\"><\/div><\/div>\n\t\t\t<\/div> \n\t\t<\/div>\n\t<\/div> \n\n\t<div  class=\"vc_col-sm-4 vc_hidden-sm vc_hidden-xs wpb_column column_container vc_column_container col\"  data-padding-pos=\"all\" data-has-bg-color=\"false\" data-bg-color=\"\" data-bg-opacity=\"1\" data-animation=\"\" data-delay=\"0\" >\n\t\t<div class=\"vc_column-inner\" >\n\t\t\t<div class=\"wpb_wrapper\">\n\t\t\t\t\n\t\t\t<\/div> \n\t\t<\/div>\n\t<\/div> \n<\/div><\/div>\n\t\t<div id=\"fws_69dcc5c2d085b\"  data-column-margin=\"30px\" data-midnight=\"dark\"  class=\"wpb_row vc_row-fluid vc_row full-width-content vc_row-o-equal-height vc_row-flex vc_row-o-content-top btn-page-header reverse_columns_desktop\"  style=\"padding-top: 30px; padding-bottom: 60px; \"><div class=\"row-bg-wrap\" data-bg-animation=\"none\" data-bg-animation-delay=\"\" data-bg-overlay=\"false\"><div class=\"inner-wrap row-bg-layer using-image\" ><div class=\"row-bg viewport-desktop using-image\"  style=\"background-position: center center; background-repeat: no-repeat; \" data-nectar-img-src=\"https:\/\/verypay.africa\/wp-content\/uploads\/2025\/12\/bg-1618869386png.png\"><\/div><\/div><\/div><div class=\"row_col_wrap_12 col span_12 dark left\">\n\t<div style=\"margin-top: -168px; \" class=\"vc_col-sm-6 wpb_column column_container vc_column_container col neg-marg top_margin_tablet_-90px top_margin_phone_0px\"  data-padding-pos=\"all\" data-has-bg-color=\"false\" data-bg-color=\"\" data-bg-opacity=\"1\" data-animation=\"\" data-delay=\"0\" >\n\t\t<div class=\"vc_column-inner\" >\n\t\t\t<div class=\"wpb_wrapper\">\n\t\t\t\t<div class=\"img-with-aniamtion-wrap  tl_br_30px tr_br_30px bl_br_30px br_br_30px\" data-max-width=\"100%\" data-max-width-mobile=\"default\" data-border-radius=\"custom\" data-shadow=\"none\" data-animation=\"none\" >\n      <div class=\"inner\">\n        <div class=\"hover-wrap\"> \n          <div class=\"hover-wrap-inner\">\n            <img loading=\"lazy\" decoding=\"async\" class=\"img-with-animation skip-lazy nectar-object-cover\" data-delay=\"0\" height=\"724\" width=\"724\" data-animation=\"none\" src=\"https:\/\/verypay.africa\/wp-content\/uploads\/2025\/12\/Nancy.png\" alt=\"\" srcset=\"https:\/\/verypay.africa\/wp-content\/uploads\/2025\/12\/Nancy.png 724w, https:\/\/verypay.africa\/wp-content\/uploads\/2025\/12\/Nancy-300x300.png 300w, https:\/\/verypay.africa\/wp-content\/uploads\/2025\/12\/Nancy-150x150.png 150w, https:\/\/verypay.africa\/wp-content\/uploads\/2025\/12\/Nancy-12x12.png 12w, https:\/\/verypay.africa\/wp-content\/uploads\/2025\/12\/Nancy-140x140.png 140w, https:\/\/verypay.africa\/wp-content\/uploads\/2025\/12\/Nancy-100x100.png 100w, https:\/\/verypay.africa\/wp-content\/uploads\/2025\/12\/Nancy-500x500.png 500w, https:\/\/verypay.africa\/wp-content\/uploads\/2025\/12\/Nancy-350x350.png 350w\" sizes=\"auto, (max-width: 724px) 100vw, 724px\" \/>\n          <\/div>\n        <\/div>\n      <\/div>\n    <\/div>\n\t\t\t<\/div> \n\t\t<\/div>\n\t<\/div> \n\n\t<div  class=\"vc_col-sm-6 wpb_column column_container vc_column_container col left_padding_desktop_70px left_padding_phone_0px top_padding_phone_20px right_padding_desktop_40px right_padding_phone_0px\"  data-padding-pos=\"all\" data-has-bg-color=\"false\" data-bg-color=\"\" data-bg-opacity=\"1\" data-animation=\"\" data-delay=\"0\" >\n\t\t<div class=\"vc_column-inner\" >\n\t\t\t<div class=\"wpb_wrapper\">\n\t\t\t\t\n<div class=\"wpb_text_column wpb_content_element\" >\n\t<div class=\"wpb_wrapper\">\n\t\t<p>Nous vous pr\u00e9sentons Nancy Mwila, qui rejoint notre \u00e9quipe en tant que responsable du support op\u00e9rationnel en Zambie. Nancy est une professionnelle orient\u00e9e r\u00e9sultats et ax\u00e9e sur les objectifs. Forte d&#039;une exp\u00e9rience en cha\u00eene d&#039;approvisionnement et en logistique, elle s&#039;est r\u00e9cemment sp\u00e9cialis\u00e9e dans le support op\u00e9rationnel au sein du secteur de la fintech. Nancy poss\u00e8de d&#039;excellentes comp\u00e9tences organisationnelles, un fort esprit de r\u00e9solution de probl\u00e8mes et une v\u00e9ritable passion pour l&#039;optimisation des processus, contribuant ainsi \u00e0 am\u00e9liorer l&#039;efficacit\u00e9 op\u00e9rationnelle.<br \/>\nForte d&#039;une exp\u00e9rience en administration et en gestion des stocks, Nancy excelle dans les environnements dynamiques qui requi\u00e8rent adaptabilit\u00e9 et collaboration. Elle concevra et mettra en \u0153uvre des processus pour le bon d\u00e9roulement des projets en Zambie et en Afrique australe, en veillant \u00e0 la disponibilit\u00e9 du mat\u00e9riel et des autres ressources n\u00e9cessaires au succ\u00e8s des d\u00e9ploiements et \u00e0 l&#039;expansion des services.<\/p>\n\t<\/div>\n<\/div>\n\n\n\n\n\t\t\t<\/div> \n\t\t<\/div>\n\t<\/div> \n<\/div><\/div>","protected":false},"excerpt":{"rendered":"Meet Nancy Mwila Operations Support, Zambia Meet Nancy Mwila who joins us as Operations Support...","protected":false},"author":21,"featured_media":0,"parent":6293,"menu_order":0,"comment_status":"closed","ping_status":"closed","template":"","meta":{"inline_featured_image":false,"footnotes":""},"class_list":["post-9426","page","type-page","status-publish"],"acf":[],"yoast_head":"<!-- This site is optimized with the Yoast SEO plugin v27.3 - https:\/\/yoast.com\/product\/yoast-seo-wordpress\/ -->\n<title>VeryPay Mobile Money Technology Solutions - Nancy Mwila<\/title>\n<meta name=\"robots\" content=\"index, follow, max-snippet:-1, max-image-preview:large, max-video-preview:-1\" \/>\n<link rel=\"canonical\" href=\"https:\/\/verypay.africa\/fr\/meet-our-team\/nancy-mwila\/\" \/>\n<meta property=\"og:locale\" content=\"fr_FR\" \/>\n<meta property=\"og:type\" content=\"article\" \/>\n<meta property=\"og:title\" content=\"VeryPay Mobile Money Technology Solutions - Nancy Mwila\" \/>\n<meta property=\"og:url\" content=\"https:\/\/verypay.africa\/fr\/meet-our-team\/nancy-mwila\/\" \/>\n<meta property=\"og:site_name\" content=\"verypay.africa\" \/>\n<meta property=\"article:modified_time\" content=\"2025-12-08T07:19:57+00:00\" \/>\n<meta name=\"twitter:card\" content=\"summary_large_image\" \/>\n<meta name=\"twitter:label1\" content=\"Dur\u00e9e de lecture estim\u00e9e\" \/>\n\t<meta name=\"twitter:data1\" content=\"2 minutes\" \/>\n<script type=\"application\/ld+json\" class=\"yoast-schema-graph\">{\"@context\":\"https:\\\/\\\/schema.org\",\"@graph\":[{\"@type\":\"WebPage\",\"@id\":\"https:\\\/\\\/verypay.africa\\\/meet-our-team\\\/nancy-mwila\\\/\",\"url\":\"https:\\\/\\\/verypay.africa\\\/meet-our-team\\\/nancy-mwila\\\/\",\"name\":\"VeryPay Mobile Money Technology Solutions - Nancy Mwila\",\"isPartOf\":{\"@id\":\"https:\\\/\\\/verypay.africa\\\/#website\"},\"datePublished\":\"2025-12-04T09:24:11+00:00\",\"dateModified\":\"2025-12-08T07:19:57+00:00\",\"breadcrumb\":{\"@id\":\"https:\\\/\\\/verypay.africa\\\/meet-our-team\\\/nancy-mwila\\\/#breadcrumb\"},\"inLanguage\":\"fr-FR\",\"potentialAction\":[{\"@type\":\"ReadAction\",\"target\":[\"https:\\\/\\\/verypay.africa\\\/meet-our-team\\\/nancy-mwila\\\/\"]}]},{\"@type\":\"BreadcrumbList\",\"@id\":\"https:\\\/\\\/verypay.africa\\\/meet-our-team\\\/nancy-mwila\\\/#breadcrumb\",\"itemListElement\":[{\"@type\":\"ListItem\",\"position\":1,\"name\":\"Home\",\"item\":\"https:\\\/\\\/verypay.africa\\\/\"},{\"@type\":\"ListItem\",\"position\":2,\"name\":\"Team\",\"item\":\"https:\\\/\\\/verypay.africa\\\/meet-our-team\\\/\"},{\"@type\":\"ListItem\",\"position\":3,\"name\":\"Nancy Mwila\"}]},{\"@type\":\"WebSite\",\"@id\":\"https:\\\/\\\/verypay.africa\\\/#website\",\"url\":\"https:\\\/\\\/verypay.africa\\\/\",\"name\":\"verypay.africa\",\"description\":\"VeryPay Mobile Money Technology Solutions\",\"publisher\":{\"@id\":\"https:\\\/\\\/verypay.africa\\\/#organization\"},\"potentialAction\":[{\"@type\":\"SearchAction\",\"target\":{\"@type\":\"EntryPoint\",\"urlTemplate\":\"https:\\\/\\\/verypay.africa\\\/?s={search_term_string}\"},\"query-input\":{\"@type\":\"PropertyValueSpecification\",\"valueRequired\":true,\"valueName\":\"search_term_string\"}}],\"inLanguage\":\"fr-FR\"},{\"@type\":\"Organization\",\"@id\":\"https:\\\/\\\/verypay.africa\\\/#organization\",\"name\":\"VeryPay\",\"url\":\"https:\\\/\\\/verypay.africa\\\/\",\"logo\":{\"@type\":\"ImageObject\",\"inLanguage\":\"fr-FR\",\"@id\":\"https:\\\/\\\/verypay.africa\\\/#\\\/schema\\\/logo\\\/image\\\/\",\"url\":\"https:\\\/\\\/verypay.africa\\\/wp-content\\\/uploads\\\/2025\\\/11\\\/verypay-new-2025.svg\",\"contentUrl\":\"https:\\\/\\\/verypay.africa\\\/wp-content\\\/uploads\\\/2025\\\/11\\\/verypay-new-2025.svg\",\"width\":\"1024\",\"height\":\"1024\",\"caption\":\"VeryPay\"},\"image\":{\"@id\":\"https:\\\/\\\/verypay.africa\\\/#\\\/schema\\\/logo\\\/image\\\/\"}}]}<\/script>\n<!-- \/ Yoast SEO plugin. -->","yoast_head_json":{"title":"VeryPay Mobile Money Technology Solutions - Nancy Mwila","robots":{"index":"index","follow":"follow","max-snippet":"max-snippet:-1","max-image-preview":"max-image-preview:large","max-video-preview":"max-video-preview:-1"},"canonical":"https:\/\/verypay.africa\/fr\/meet-our-team\/nancy-mwila\/","og_locale":"fr_FR","og_type":"article","og_title":"VeryPay Mobile Money Technology Solutions - Nancy Mwila","og_url":"https:\/\/verypay.africa\/fr\/meet-our-team\/nancy-mwila\/","og_site_name":"verypay.africa","article_modified_time":"2025-12-08T07:19:57+00:00","twitter_card":"summary_large_image","twitter_misc":{"Dur\u00e9e de lecture estim\u00e9e":"2 minutes"},"schema":{"@context":"https:\/\/schema.org","@graph":[{"@type":"WebPage","@id":"https:\/\/verypay.africa\/meet-our-team\/nancy-mwila\/","url":"https:\/\/verypay.africa\/meet-our-team\/nancy-mwila\/","name":"VeryPay Mobile Money Technology Solutions - Nancy Mwila","isPartOf":{"@id":"https:\/\/verypay.africa\/#website"},"datePublished":"2025-12-04T09:24:11+00:00","dateModified":"2025-12-08T07:19:57+00:00","breadcrumb":{"@id":"https:\/\/verypay.africa\/meet-our-team\/nancy-mwila\/#breadcrumb"},"inLanguage":"fr-FR","potentialAction":[{"@type":"ReadAction","target":["https:\/\/verypay.africa\/meet-our-team\/nancy-mwila\/"]}]},{"@type":"BreadcrumbList","@id":"https:\/\/verypay.africa\/meet-our-team\/nancy-mwila\/#breadcrumb","itemListElement":[{"@type":"ListItem","position":1,"name":"Home","item":"https:\/\/verypay.africa\/"},{"@type":"ListItem","position":2,"name":"Team","item":"https:\/\/verypay.africa\/meet-our-team\/"},{"@type":"ListItem","position":3,"name":"Nancy Mwila"}]},{"@type":"WebSite","@id":"https:\/\/verypay.africa\/#website","url":"https:\/\/verypay.africa\/","name":"verypay.africa","description":"VeryPay Mobile Money Technology Solutions","publisher":{"@id":"https:\/\/verypay.africa\/#organization"},"potentialAction":[{"@type":"SearchAction","target":{"@type":"EntryPoint","urlTemplate":"https:\/\/verypay.africa\/?s={search_term_string}"},"query-input":{"@type":"PropertyValueSpecification","valueRequired":true,"valueName":"search_term_string"}}],"inLanguage":"fr-FR"},{"@type":"Organization","@id":"https:\/\/verypay.africa\/#organization","name":"Tr\u00e8s Payer","url":"https:\/\/verypay.africa\/","logo":{"@type":"ImageObject","inLanguage":"fr-FR","@id":"https:\/\/verypay.africa\/#\/schema\/logo\/image\/","url":"https:\/\/verypay.africa\/wp-content\/uploads\/2025\/11\/verypay-new-2025.svg","contentUrl":"https:\/\/verypay.africa\/wp-content\/uploads\/2025\/11\/verypay-new-2025.svg","width":"1024","height":"1024","caption":"VeryPay"},"image":{"@id":"https:\/\/verypay.africa\/#\/schema\/logo\/image\/"}}]}},"_links":{"self":[{"href":"https:\/\/verypay.africa\/fr\/wp-json\/wp\/v2\/pages\/9426","targetHints":{"allow":["GET"]}}],"collection":[{"href":"https:\/\/verypay.africa\/fr\/wp-json\/wp\/v2\/pages"}],"about":[{"href":"https:\/\/verypay.africa\/fr\/wp-json\/wp\/v2\/types\/page"}],"author":[{"embeddable":true,"href":"https:\/\/verypay.africa\/fr\/wp-json\/wp\/v2\/users\/21"}],"replies":[{"embeddable":true,"href":"https:\/\/verypay.africa\/fr\/wp-json\/wp\/v2\/comments?post=9426"}],"version-history":[{"count":0,"href":"https:\/\/verypay.africa\/fr\/wp-json\/wp\/v2\/pages\/9426\/revisions"}],"up":[{"embeddable":true,"href":"https:\/\/verypay.africa\/fr\/wp-json\/wp\/v2\/pages\/6293"}],"wp:attachment":[{"href":"https:\/\/verypay.africa\/fr\/wp-json\/wp\/v2\/media?parent=9426"}],"curies":[{"name":"wp","href":"https:\/\/api.w.org\/{rel}","templated":true}]}}