{"id":9429,"date":"2025-12-04T09:30:35","date_gmt":"2025-12-04T09:30:35","guid":{"rendered":"https:\/\/devverypaych.wpenginepowered.com\/?page_id=9429"},"modified":"2025-12-08T07:23:13","modified_gmt":"2025-12-08T07:23:13","slug":"pedro-joseph-benoit-ndiaye","status":"publish","type":"page","link":"https:\/\/verypay.africa\/fr\/meet-our-team\/pedro-joseph-benoit-ndiaye\/","title":{"rendered":"Pedro Joseph Beno\u00eet Ndiaye"},"content":{"rendered":"<div id=\"fws_69dcab7d8bea3\"  data-column-margin=\"default\" data-midnight=\"dark\"  class=\"wpb_row vc_row-fluid vc_row full-width-content vc_row-o-equal-height vc_row-flex vc_row-o-content-middle verypay-team-section\"  style=\"padding-top: 0px; padding-bottom: 0px; \"><div class=\"row-bg-wrap\" data-bg-animation=\"none\" data-bg-animation-delay=\"\" data-bg-overlay=\"false\"><div class=\"inner-wrap row-bg-layer\" ><div class=\"row-bg viewport-desktop\"  style=\"\"><\/div><\/div><\/div><div class=\"row_col_wrap_12 col span_12 dark left\">\n\t<div style=\" color: #FFFFFF;\" class=\"vc_col-sm-8 vc_col-xs-11 wpb_column column_container vc_column_container col tr_br_47px left_padding_desktop_6pct left_padding_tablet_4pct left_padding_phone_0px top_padding_desktop_60px top_padding_tablet_50px top_padding_phone_30px right_padding_desktop_8pct right_padding_tablet_4pct right_padding_phone_0px bottom_padding_desktop_60px bottom_padding_tablet_50px bottom_padding_phone_30px\" data-cfc=\"true\" data-using-bg=\"true\" data-bg-cover=\"true\" data-padding-pos=\"all\" data-has-bg-color=\"false\" data-bg-color=\"\" data-bg-opacity=\"1\" data-animation=\"\" data-delay=\"0\" >\n\t\t<div class=\"vc_column-inner\" ><div class=\"column-image-bg-wrap column-bg-layer viewport-desktop\" data-bg-pos=\"center center\" data-bg-animation=\"none\" data-bg-overlay=\"false\"><div class=\"inner-wrap\"><div class=\"column-image-bg\" style=\" background-image: url('https:\/\/verypay.africa\/wp-content\/uploads\/2025\/11\/Frame-1618869380.png'); \"><\/div><\/div><\/div>\n\t\t\t<div class=\"wpb_wrapper\">\n\t\t\t\t<div class=\"iwithtext\"><div class=\"iwt-icon\"> <img decoding=\"async\" src=\"https:\/\/verypay.africa\/wp-content\/uploads\/2025\/11\/VeryPlay_Color-Symbol-White-Text-1.png\" alt=\"\" \/> <\/div><div class=\"iwt-text\"> \n<h1><span style=\"font-weight: 100;\">Rencontrer<\/span><br \/>\nPedro Joseph<br \/>\nBeno\u00eet Ndiaye<\/h1>\n<h5>Responsable des pr\u00e9ventes pour l&#039;Afrique francophone<\/h5>\n <\/div><div class=\"clear\"><\/div><\/div>\n\t\t\t<\/div> \n\t\t<\/div>\n\t<\/div> \n\n\t<div  class=\"vc_col-sm-4 vc_hidden-sm vc_hidden-xs wpb_column column_container vc_column_container col\"  data-padding-pos=\"all\" data-has-bg-color=\"false\" data-bg-color=\"\" data-bg-opacity=\"1\" data-animation=\"\" data-delay=\"0\" >\n\t\t<div class=\"vc_column-inner\" >\n\t\t\t<div class=\"wpb_wrapper\">\n\t\t\t\t\n\t\t\t<\/div> \n\t\t<\/div>\n\t<\/div> \n<\/div><\/div>\n\t\t<div id=\"fws_69dcab7d8cc40\"  data-column-margin=\"30px\" data-midnight=\"dark\"  class=\"wpb_row vc_row-fluid vc_row full-width-content vc_row-o-equal-height vc_row-flex vc_row-o-content-top btn-page-header reverse_columns_desktop\"  style=\"padding-top: 30px; padding-bottom: 60px; \"><div class=\"row-bg-wrap\" data-bg-animation=\"none\" data-bg-animation-delay=\"\" data-bg-overlay=\"false\"><div class=\"inner-wrap row-bg-layer using-image\" ><div class=\"row-bg viewport-desktop using-image\"  style=\"background-position: center center; background-repeat: no-repeat; \" data-nectar-img-src=\"https:\/\/verypay.africa\/wp-content\/uploads\/2025\/12\/bg-1618869386png.png\"><\/div><\/div><\/div><div class=\"row_col_wrap_12 col span_12 dark left\">\n\t<div style=\"margin-top: -168px; \" class=\"vc_col-sm-6 wpb_column column_container vc_column_container col neg-marg top_margin_tablet_-90px top_margin_phone_0px\"  data-padding-pos=\"all\" data-has-bg-color=\"false\" data-bg-color=\"\" data-bg-opacity=\"1\" data-animation=\"\" data-delay=\"0\" >\n\t\t<div class=\"vc_column-inner\" >\n\t\t\t<div class=\"wpb_wrapper\">\n\t\t\t\t<div class=\"img-with-aniamtion-wrap  tl_br_30px tr_br_30px bl_br_30px br_br_30px\" data-max-width=\"100%\" data-max-width-mobile=\"default\" data-border-radius=\"custom\" data-shadow=\"none\" data-animation=\"none\" >\n      <div class=\"inner\">\n        <div class=\"hover-wrap\"> \n          <div class=\"hover-wrap-inner\">\n            <img loading=\"lazy\" decoding=\"async\" class=\"img-with-animation skip-lazy nectar-object-cover\" data-delay=\"0\" height=\"724\" width=\"724\" data-animation=\"none\" src=\"https:\/\/verypay.africa\/wp-content\/uploads\/2025\/12\/pedro.png\" alt=\"\" srcset=\"https:\/\/verypay.africa\/wp-content\/uploads\/2025\/12\/pedro.png 724w, https:\/\/verypay.africa\/wp-content\/uploads\/2025\/12\/pedro-300x300.png 300w, https:\/\/verypay.africa\/wp-content\/uploads\/2025\/12\/pedro-150x150.png 150w, https:\/\/verypay.africa\/wp-content\/uploads\/2025\/12\/pedro-12x12.png 12w, https:\/\/verypay.africa\/wp-content\/uploads\/2025\/12\/pedro-140x140.png 140w, https:\/\/verypay.africa\/wp-content\/uploads\/2025\/12\/pedro-100x100.png 100w, https:\/\/verypay.africa\/wp-content\/uploads\/2025\/12\/pedro-500x500.png 500w, https:\/\/verypay.africa\/wp-content\/uploads\/2025\/12\/pedro-350x350.png 350w\" sizes=\"auto, (max-width: 724px) 100vw, 724px\" \/>\n          <\/div>\n        <\/div>\n      <\/div>\n    <\/div>\n\t\t\t<\/div> \n\t\t<\/div>\n\t<\/div> \n\n\t<div  class=\"vc_col-sm-6 wpb_column column_container vc_column_container col left_padding_desktop_70px left_padding_phone_0px top_padding_phone_20px right_padding_desktop_40px right_padding_phone_0px\"  data-padding-pos=\"all\" data-has-bg-color=\"false\" data-bg-color=\"\" data-bg-opacity=\"1\" data-animation=\"\" data-delay=\"0\" >\n\t\t<div class=\"vc_column-inner\" >\n\t\t\t<div class=\"wpb_wrapper\">\n\t\t\t\t\n<div class=\"wpb_text_column wpb_content_element\" >\n\t<div class=\"wpb_wrapper\">\n\t\t<p>Pedro apporte une riche exp\u00e9rience en op\u00e9rations techniques, en vente et en gestion de la relation client. Fort de plus de 13 ans d&#039;expertise professionnelle, il a collabor\u00e9 avec des organisations de premier plan, notamment des FinTech et des agr\u00e9gateurs leaders en Afrique francophone, o\u00f9 il a occup\u00e9 des postes cl\u00e9s dans le support technique, le d\u00e9ploiement de projets et la gestion op\u00e9rationnelle. Pedro se concentrera sur les activit\u00e9s d&#039;avant-vente, notamment la conception de solutions sur mesure pour nos clients, la collaboration avec nos \u00e9quipes sur les initiatives strat\u00e9giques et l&#039;int\u00e9gration optimale des technologies partenaires.<\/p>\n\t<\/div>\n<\/div>\n\n\n\n\n\t\t\t<\/div> \n\t\t<\/div>\n\t<\/div> \n<\/div><\/div>","protected":false},"excerpt":{"rendered":"Meet Pedro Joseph Beno\u00eet Ndiaye Presales Lead Francophone Africa Pedro brings a wealth of experience...","protected":false},"author":21,"featured_media":0,"parent":6293,"menu_order":0,"comment_status":"closed","ping_status":"closed","template":"","meta":{"inline_featured_image":false,"footnotes":""},"class_list":["post-9429","page","type-page","status-publish"],"acf":[],"yoast_head":"<!-- This site is optimized with the Yoast SEO plugin v27.3 - https:\/\/yoast.com\/product\/yoast-seo-wordpress\/ -->\n<title>VeryPay Mobile Money Technology Solutions - Pedro Joseph Beno\u00eet Ndiaye<\/title>\n<meta name=\"robots\" content=\"index, follow, max-snippet:-1, max-image-preview:large, max-video-preview:-1\" \/>\n<link rel=\"canonical\" href=\"https:\/\/verypay.africa\/fr\/meet-our-team\/pedro-joseph-benoit-ndiaye\/\" \/>\n<meta property=\"og:locale\" content=\"fr_FR\" \/>\n<meta property=\"og:type\" content=\"article\" \/>\n<meta property=\"og:title\" content=\"VeryPay Mobile Money Technology Solutions - Pedro Joseph Beno\u00eet Ndiaye\" \/>\n<meta property=\"og:url\" content=\"https:\/\/verypay.africa\/fr\/meet-our-team\/pedro-joseph-benoit-ndiaye\/\" \/>\n<meta property=\"og:site_name\" content=\"verypay.africa\" \/>\n<meta property=\"article:modified_time\" content=\"2025-12-08T07:23:13+00:00\" \/>\n<meta name=\"twitter:card\" content=\"summary_large_image\" \/>\n<meta name=\"twitter:label1\" content=\"Dur\u00e9e de lecture estim\u00e9e\" \/>\n\t<meta name=\"twitter:data1\" content=\"2 minutes\" \/>\n<script type=\"application\/ld+json\" class=\"yoast-schema-graph\">{\"@context\":\"https:\\\/\\\/schema.org\",\"@graph\":[{\"@type\":\"WebPage\",\"@id\":\"https:\\\/\\\/verypay.africa\\\/meet-our-team\\\/pedro-joseph-benoit-ndiaye\\\/\",\"url\":\"https:\\\/\\\/verypay.africa\\\/meet-our-team\\\/pedro-joseph-benoit-ndiaye\\\/\",\"name\":\"VeryPay Mobile Money Technology Solutions - Pedro Joseph Beno\u00eet Ndiaye\",\"isPartOf\":{\"@id\":\"https:\\\/\\\/verypay.africa\\\/#website\"},\"datePublished\":\"2025-12-04T09:30:35+00:00\",\"dateModified\":\"2025-12-08T07:23:13+00:00\",\"breadcrumb\":{\"@id\":\"https:\\\/\\\/verypay.africa\\\/meet-our-team\\\/pedro-joseph-benoit-ndiaye\\\/#breadcrumb\"},\"inLanguage\":\"fr-FR\",\"potentialAction\":[{\"@type\":\"ReadAction\",\"target\":[\"https:\\\/\\\/verypay.africa\\\/meet-our-team\\\/pedro-joseph-benoit-ndiaye\\\/\"]}]},{\"@type\":\"BreadcrumbList\",\"@id\":\"https:\\\/\\\/verypay.africa\\\/meet-our-team\\\/pedro-joseph-benoit-ndiaye\\\/#breadcrumb\",\"itemListElement\":[{\"@type\":\"ListItem\",\"position\":1,\"name\":\"Home\",\"item\":\"https:\\\/\\\/verypay.africa\\\/\"},{\"@type\":\"ListItem\",\"position\":2,\"name\":\"Team\",\"item\":\"https:\\\/\\\/verypay.africa\\\/meet-our-team\\\/\"},{\"@type\":\"ListItem\",\"position\":3,\"name\":\"Pedro Joseph Beno\u00eet Ndiaye\"}]},{\"@type\":\"WebSite\",\"@id\":\"https:\\\/\\\/verypay.africa\\\/#website\",\"url\":\"https:\\\/\\\/verypay.africa\\\/\",\"name\":\"verypay.africa\",\"description\":\"VeryPay Mobile Money Technology Solutions\",\"publisher\":{\"@id\":\"https:\\\/\\\/verypay.africa\\\/#organization\"},\"potentialAction\":[{\"@type\":\"SearchAction\",\"target\":{\"@type\":\"EntryPoint\",\"urlTemplate\":\"https:\\\/\\\/verypay.africa\\\/?s={search_term_string}\"},\"query-input\":{\"@type\":\"PropertyValueSpecification\",\"valueRequired\":true,\"valueName\":\"search_term_string\"}}],\"inLanguage\":\"fr-FR\"},{\"@type\":\"Organization\",\"@id\":\"https:\\\/\\\/verypay.africa\\\/#organization\",\"name\":\"VeryPay\",\"url\":\"https:\\\/\\\/verypay.africa\\\/\",\"logo\":{\"@type\":\"ImageObject\",\"inLanguage\":\"fr-FR\",\"@id\":\"https:\\\/\\\/verypay.africa\\\/#\\\/schema\\\/logo\\\/image\\\/\",\"url\":\"https:\\\/\\\/verypay.africa\\\/wp-content\\\/uploads\\\/2025\\\/11\\\/verypay-new-2025.svg\",\"contentUrl\":\"https:\\\/\\\/verypay.africa\\\/wp-content\\\/uploads\\\/2025\\\/11\\\/verypay-new-2025.svg\",\"width\":\"1024\",\"height\":\"1024\",\"caption\":\"VeryPay\"},\"image\":{\"@id\":\"https:\\\/\\\/verypay.africa\\\/#\\\/schema\\\/logo\\\/image\\\/\"}}]}<\/script>\n<!-- \/ Yoast SEO plugin. -->","yoast_head_json":{"title":"VeryPay Mobile Money Technology Solutions - Pedro Joseph Beno\u00eet Ndiaye","robots":{"index":"index","follow":"follow","max-snippet":"max-snippet:-1","max-image-preview":"max-image-preview:large","max-video-preview":"max-video-preview:-1"},"canonical":"https:\/\/verypay.africa\/fr\/meet-our-team\/pedro-joseph-benoit-ndiaye\/","og_locale":"fr_FR","og_type":"article","og_title":"VeryPay Mobile Money Technology Solutions - Pedro Joseph Beno\u00eet Ndiaye","og_url":"https:\/\/verypay.africa\/fr\/meet-our-team\/pedro-joseph-benoit-ndiaye\/","og_site_name":"verypay.africa","article_modified_time":"2025-12-08T07:23:13+00:00","twitter_card":"summary_large_image","twitter_misc":{"Dur\u00e9e de lecture estim\u00e9e":"2 minutes"},"schema":{"@context":"https:\/\/schema.org","@graph":[{"@type":"WebPage","@id":"https:\/\/verypay.africa\/meet-our-team\/pedro-joseph-benoit-ndiaye\/","url":"https:\/\/verypay.africa\/meet-our-team\/pedro-joseph-benoit-ndiaye\/","name":"VeryPay Mobile Money Technology Solutions - Pedro Joseph Beno\u00eet Ndiaye","isPartOf":{"@id":"https:\/\/verypay.africa\/#website"},"datePublished":"2025-12-04T09:30:35+00:00","dateModified":"2025-12-08T07:23:13+00:00","breadcrumb":{"@id":"https:\/\/verypay.africa\/meet-our-team\/pedro-joseph-benoit-ndiaye\/#breadcrumb"},"inLanguage":"fr-FR","potentialAction":[{"@type":"ReadAction","target":["https:\/\/verypay.africa\/meet-our-team\/pedro-joseph-benoit-ndiaye\/"]}]},{"@type":"BreadcrumbList","@id":"https:\/\/verypay.africa\/meet-our-team\/pedro-joseph-benoit-ndiaye\/#breadcrumb","itemListElement":[{"@type":"ListItem","position":1,"name":"Home","item":"https:\/\/verypay.africa\/"},{"@type":"ListItem","position":2,"name":"Team","item":"https:\/\/verypay.africa\/meet-our-team\/"},{"@type":"ListItem","position":3,"name":"Pedro Joseph Beno\u00eet Ndiaye"}]},{"@type":"WebSite","@id":"https:\/\/verypay.africa\/#website","url":"https:\/\/verypay.africa\/","name":"verypay.africa","description":"VeryPay Mobile Money Technology Solutions","publisher":{"@id":"https:\/\/verypay.africa\/#organization"},"potentialAction":[{"@type":"SearchAction","target":{"@type":"EntryPoint","urlTemplate":"https:\/\/verypay.africa\/?s={search_term_string}"},"query-input":{"@type":"PropertyValueSpecification","valueRequired":true,"valueName":"search_term_string"}}],"inLanguage":"fr-FR"},{"@type":"Organization","@id":"https:\/\/verypay.africa\/#organization","name":"Tr\u00e8s Payer","url":"https:\/\/verypay.africa\/","logo":{"@type":"ImageObject","inLanguage":"fr-FR","@id":"https:\/\/verypay.africa\/#\/schema\/logo\/image\/","url":"https:\/\/verypay.africa\/wp-content\/uploads\/2025\/11\/verypay-new-2025.svg","contentUrl":"https:\/\/verypay.africa\/wp-content\/uploads\/2025\/11\/verypay-new-2025.svg","width":"1024","height":"1024","caption":"VeryPay"},"image":{"@id":"https:\/\/verypay.africa\/#\/schema\/logo\/image\/"}}]}},"_links":{"self":[{"href":"https:\/\/verypay.africa\/fr\/wp-json\/wp\/v2\/pages\/9429","targetHints":{"allow":["GET"]}}],"collection":[{"href":"https:\/\/verypay.africa\/fr\/wp-json\/wp\/v2\/pages"}],"about":[{"href":"https:\/\/verypay.africa\/fr\/wp-json\/wp\/v2\/types\/page"}],"author":[{"embeddable":true,"href":"https:\/\/verypay.africa\/fr\/wp-json\/wp\/v2\/users\/21"}],"replies":[{"embeddable":true,"href":"https:\/\/verypay.africa\/fr\/wp-json\/wp\/v2\/comments?post=9429"}],"version-history":[{"count":0,"href":"https:\/\/verypay.africa\/fr\/wp-json\/wp\/v2\/pages\/9429\/revisions"}],"up":[{"embeddable":true,"href":"https:\/\/verypay.africa\/fr\/wp-json\/wp\/v2\/pages\/6293"}],"wp:attachment":[{"href":"https:\/\/verypay.africa\/fr\/wp-json\/wp\/v2\/media?parent=9429"}],"curies":[{"name":"wp","href":"https:\/\/api.w.org\/{rel}","templated":true}]}}